{"id":12881,"date":"2026-05-12T12:10:50","date_gmt":"2026-05-12T11:10:50","guid":{"rendered":"https:\/\/darstore.net\/?post_type=product&#038;p=12881"},"modified":"2026-05-12T12:12:45","modified_gmt":"2026-05-12T11:12:45","slug":"ventis-placard-a-chaussures-4-portes","status":"publish","type":"product","link":"https:\/\/darstore.net\/?product=ventis-placard-a-chaussures-4-portes","title":{"rendered":"Ventis \u2013 Placard \u00e0 chaussures 4 portes"},"content":{"rendered":"<p data-start=\"61\" data-end=\"338\">Un meuble \u00e9l\u00e9gant et pratique pens\u00e9 pour organiser votre int\u00e9rieur avec style. Le mod\u00e8le <strong data-start=\"152\" data-end=\"166\">Ventora 4P<\/strong> combine un design moderne minimaliste avec des d\u00e9tails raffin\u00e9s : portes ajour\u00e9es diagonales, poign\u00e9es dor\u00e9es et pieds noirs avec finitions gold. Id\u00e9al pour chaussures, sacs, accessoires ou objets d\u00e9co.<\/p>\n<ul>\n<li><strong>Dimentions :<\/strong> 120 \/ 100 \/ 33<\/li>\n<li><strong>couleurs :\u00a0\u00a0<\/strong>Noyer , Ch\u00e8ne , blanc<\/li>\n<li><strong>Mati\u00e8re :\u00a0<\/strong>MDF<\/li>\n<\/ul>\n","protected":false},"excerpt":{"rendered":"<p>Un meuble \u00e9l\u00e9gant et pratique pens\u00e9 pour organiser votre int\u00e9rieur avec style. Le mod\u00e8le Ventora 4P combine un design moderne minimaliste avec des d\u00e9tails raffin\u00e9s : portes ajour\u00e9es diagonales, poign\u00e9es dor\u00e9es et pieds noirs avec finitions gold. Id\u00e9al pour chaussures, sacs, accessoires ou objets d\u00e9co. Dimentions : 120 \/ 100 \/ 33 couleurs :\u00a0\u00a0Noyer , [&hellip;]<\/p>\n","protected":false},"featured_media":12884,"comment_status":"open","ping_status":"closed","template":"","meta":[],"product_cat":[53,105],"product_tag":[],"class_list":{"0":"post-12881","1":"product","2":"type-product","3":"status-publish","4":"has-post-thumbnail","6":"product_cat-cuisine","7":"product_cat-placard-de-chaussures","9":"first","10":"instock","11":"sale","12":"shipping-taxable","13":"purchasable","14":"product-type-simple"},"jetpack_sharing_enabled":true,"_links":{"self":[{"href":"https:\/\/darstore.net\/index.php?rest_route=\/wp\/v2\/product\/12881","targetHints":{"allow":["GET"]}}],"collection":[{"href":"https:\/\/darstore.net\/index.php?rest_route=\/wp\/v2\/product"}],"about":[{"href":"https:\/\/darstore.net\/index.php?rest_route=\/wp\/v2\/types\/product"}],"replies":[{"embeddable":true,"href":"https:\/\/darstore.net\/index.php?rest_route=%2Fwp%2Fv2%2Fcomments&post=12881"}],"wp:featuredmedia":[{"embeddable":true,"href":"https:\/\/darstore.net\/index.php?rest_route=\/wp\/v2\/media\/12884"}],"wp:attachment":[{"href":"https:\/\/darstore.net\/index.php?rest_route=%2Fwp%2Fv2%2Fmedia&parent=12881"}],"wp:term":[{"taxonomy":"product_cat","embeddable":true,"href":"https:\/\/darstore.net\/index.php?rest_route=%2Fwp%2Fv2%2Fproduct_cat&post=12881"},{"taxonomy":"product_tag","embeddable":true,"href":"https:\/\/darstore.net\/index.php?rest_route=%2Fwp%2Fv2%2Fproduct_tag&post=12881"}],"curies":[{"name":"wp","href":"https:\/\/api.w.org\/{rel}","templated":true}]}}