{"id":12876,"date":"2026-05-09T13:31:13","date_gmt":"2026-05-09T12:31:13","guid":{"rendered":"https:\/\/darstore.net\/?post_type=product&#038;p=12876"},"modified":"2026-05-09T13:31:13","modified_gmt":"2026-05-09T12:31:13","slug":"ventis-placard-a-chaussures-3-portes","status":"publish","type":"product","link":"https:\/\/darstore.net\/?product=ventis-placard-a-chaussures-3-portes","title":{"rendered":"Ventis \u2013 Placard \u00e0 chaussures 3 portes"},"content":{"rendered":"<p data-start=\"61\" data-end=\"338\">Apportez une touche moderne et \u00e9l\u00e9gante \u00e0 votre int\u00e9rieur avec le placard \u00e0 chaussures <strong data-start=\"148\" data-end=\"167\">Ventis 3 Portes<\/strong>.<br data-start=\"168\" data-end=\"171\" \/>Son design contemporain avec lignes obliques ventil\u00e9es offre une excellente circulation de l\u2019air tout en ajoutant un style raffin\u00e9 \u00e0 votre entr\u00e9e, dressing ou chambre.<\/p>\n<p data-start=\"340\" data-end=\"586\">Dot\u00e9 de plusieurs \u00e9tag\u00e8res spacieuses, ce meuble permet d\u2019organiser vos chaussures de mani\u00e8re pratique et esth\u00e9tique. Sa finition effet noyer et ses poign\u00e9es dor\u00e9es lui donnent un aspect premium qui s\u2019int\u00e8gre parfaitement aux int\u00e9rieurs modernes.<\/p>\n<ul>\n<li><strong>Dimentions :<\/strong> 120 \/ 100 \/ 70<\/li>\n<li><strong>couleurs :\u00a0\u00a0<\/strong>Noyer , Ch\u00e8ne , blanc<\/li>\n<li><strong>Mati\u00e8re :\u00a0<\/strong>MDF<\/li>\n<\/ul>\n","protected":false},"excerpt":{"rendered":"<p>Apportez une touche moderne et \u00e9l\u00e9gante \u00e0 votre int\u00e9rieur avec le placard \u00e0 chaussures Ventis 3 Portes.Son design contemporain avec lignes obliques ventil\u00e9es offre une excellente circulation de l\u2019air tout en ajoutant un style raffin\u00e9 \u00e0 votre entr\u00e9e, dressing ou chambre. Dot\u00e9 de plusieurs \u00e9tag\u00e8res spacieuses, ce meuble permet d\u2019organiser vos chaussures de mani\u00e8re pratique [&hellip;]<\/p>\n","protected":false},"featured_media":12880,"comment_status":"open","ping_status":"closed","template":"","meta":[],"product_cat":[53,105],"product_tag":[],"class_list":{"0":"post-12876","1":"product","2":"type-product","3":"status-publish","4":"has-post-thumbnail","6":"product_cat-cuisine","7":"product_cat-placard-de-chaussures","9":"first","10":"instock","11":"sale","12":"shipping-taxable","13":"purchasable","14":"product-type-simple"},"jetpack_sharing_enabled":true,"_links":{"self":[{"href":"https:\/\/darstore.net\/index.php?rest_route=\/wp\/v2\/product\/12876","targetHints":{"allow":["GET"]}}],"collection":[{"href":"https:\/\/darstore.net\/index.php?rest_route=\/wp\/v2\/product"}],"about":[{"href":"https:\/\/darstore.net\/index.php?rest_route=\/wp\/v2\/types\/product"}],"replies":[{"embeddable":true,"href":"https:\/\/darstore.net\/index.php?rest_route=%2Fwp%2Fv2%2Fcomments&post=12876"}],"wp:featuredmedia":[{"embeddable":true,"href":"https:\/\/darstore.net\/index.php?rest_route=\/wp\/v2\/media\/12880"}],"wp:attachment":[{"href":"https:\/\/darstore.net\/index.php?rest_route=%2Fwp%2Fv2%2Fmedia&parent=12876"}],"wp:term":[{"taxonomy":"product_cat","embeddable":true,"href":"https:\/\/darstore.net\/index.php?rest_route=%2Fwp%2Fv2%2Fproduct_cat&post=12876"},{"taxonomy":"product_tag","embeddable":true,"href":"https:\/\/darstore.net\/index.php?rest_route=%2Fwp%2Fv2%2Fproduct_tag&post=12876"}],"curies":[{"name":"wp","href":"https:\/\/api.w.org\/{rel}","templated":true}]}}