{"id":12871,"date":"2026-05-08T16:48:52","date_gmt":"2026-05-08T15:48:52","guid":{"rendered":"https:\/\/darstore.net\/?post_type=product&#038;p=12871"},"modified":"2026-05-08T16:48:52","modified_gmt":"2026-05-08T15:48:52","slug":"placard-a-chaussures-ventile","status":"publish","type":"product","link":"https:\/\/darstore.net\/?product=placard-a-chaussures-ventile","title":{"rendered":"Placard \u00e0 Chaussures Ventil\u00e9"},"content":{"rendered":"<p>Optimisez votre espace avec ce meuble \u00e0 chaussures moderne au design \u00e9l\u00e9gant et fonctionnel. Fabriqu\u00e9 en bois clair avec des portes \u00e0 lignes a\u00e9r\u00e9es, il permet une meilleure circulation de l\u2019air pour garder vos chaussures fra\u00eeches et bien organis\u00e9es. Son style minimaliste et contemporain s\u2019int\u00e8gre parfaitement dans une entr\u00e9e, un dressing ou une chambre.<\/p>\n<ul>\n<li><strong>Dimentions :<\/strong> 120 \/ 70 \/ 33<\/li>\n<li><strong>couleurs :\u00a0 <\/strong>Noyer\u00a0, Ch\u00e8ne<\/li>\n<li><strong>Mati\u00e8re :\u00a0<\/strong>MDF<\/li>\n<\/ul>\n","protected":false},"excerpt":{"rendered":"<p>Optimisez votre espace avec ce meuble \u00e0 chaussures moderne au design \u00e9l\u00e9gant et fonctionnel. Fabriqu\u00e9 en bois clair avec des portes \u00e0 lignes a\u00e9r\u00e9es, il permet une meilleure circulation de l\u2019air pour garder vos chaussures fra\u00eeches et bien organis\u00e9es. Son style minimaliste et contemporain s\u2019int\u00e8gre parfaitement dans une entr\u00e9e, un dressing ou une chambre. Dimentions [&hellip;]<\/p>\n","protected":false},"featured_media":12873,"comment_status":"open","ping_status":"closed","template":"","meta":[],"product_cat":[53,105],"product_tag":[],"class_list":{"0":"post-12871","1":"product","2":"type-product","3":"status-publish","4":"has-post-thumbnail","6":"product_cat-cuisine","7":"product_cat-placard-de-chaussures","9":"first","10":"instock","11":"sale","12":"shipping-taxable","13":"purchasable","14":"product-type-simple"},"jetpack_sharing_enabled":true,"_links":{"self":[{"href":"https:\/\/darstore.net\/index.php?rest_route=\/wp\/v2\/product\/12871","targetHints":{"allow":["GET"]}}],"collection":[{"href":"https:\/\/darstore.net\/index.php?rest_route=\/wp\/v2\/product"}],"about":[{"href":"https:\/\/darstore.net\/index.php?rest_route=\/wp\/v2\/types\/product"}],"replies":[{"embeddable":true,"href":"https:\/\/darstore.net\/index.php?rest_route=%2Fwp%2Fv2%2Fcomments&post=12871"}],"wp:featuredmedia":[{"embeddable":true,"href":"https:\/\/darstore.net\/index.php?rest_route=\/wp\/v2\/media\/12873"}],"wp:attachment":[{"href":"https:\/\/darstore.net\/index.php?rest_route=%2Fwp%2Fv2%2Fmedia&parent=12871"}],"wp:term":[{"taxonomy":"product_cat","embeddable":true,"href":"https:\/\/darstore.net\/index.php?rest_route=%2Fwp%2Fv2%2Fproduct_cat&post=12871"},{"taxonomy":"product_tag","embeddable":true,"href":"https:\/\/darstore.net\/index.php?rest_route=%2Fwp%2Fv2%2Fproduct_tag&post=12871"}],"curies":[{"name":"wp","href":"https:\/\/api.w.org\/{rel}","templated":true}]}}