{"id":12828,"date":"2026-03-05T15:36:02","date_gmt":"2026-03-05T15:36:02","guid":{"rendered":"https:\/\/darstore.net\/?post_type=product&#038;p=12828"},"modified":"2026-03-30T16:19:50","modified_gmt":"2026-03-30T15:19:50","slug":"table-de-sejour-ovale","status":"publish","type":"product","link":"https:\/\/darstore.net\/?product=table-de-sejour-ovale","title":{"rendered":"Table de s\u00e9jour Ovale"},"content":{"rendered":"<p>Table de s\u00e9jour au design ovale \u00e9l\u00e9gant, id\u00e9ale pour apporter une touche moderne et harmonieuse \u00e0 votre salon. Sa forme douce et \u00e9quilibr\u00e9e s\u2019int\u00e8gre facilement dans diff\u00e9rents styles d\u2019int\u00e9rieur tout en offrant un espace pratique pour votre quotidien.<\/p>\n<ul>\n<li><strong>Dimentions :<\/strong> 100 \/ 65 \/ 54<\/li>\n<li><strong>couleurs :\u00a0<\/strong>Blanc , Ch\u00e8ne , Noyer<\/li>\n<li><strong>Mati\u00e8re :\u00a0<\/strong>MDF<\/li>\n<\/ul>\n","protected":false},"excerpt":{"rendered":"<p>Table de s\u00e9jour au design ovale \u00e9l\u00e9gant, id\u00e9ale pour apporter une touche moderne et harmonieuse \u00e0 votre salon. Sa forme douce et \u00e9quilibr\u00e9e s\u2019int\u00e8gre facilement dans diff\u00e9rents styles d\u2019int\u00e9rieur tout en offrant un espace pratique pour votre quotidien. Dimentions : 100 \/ 65 \/ 54 couleurs :\u00a0Blanc , Ch\u00e8ne , Noyer Mati\u00e8re :\u00a0MDF<\/p>\n","protected":false},"featured_media":12829,"comment_status":"open","ping_status":"closed","template":"","meta":[],"product_cat":[54,64],"product_tag":[],"class_list":{"0":"post-12828","1":"product","2":"type-product","3":"status-publish","4":"has-post-thumbnail","6":"product_cat-salle-de-sejour","7":"product_cat-table-base","9":"first","10":"instock","11":"sale","12":"shipping-taxable","13":"purchasable","14":"product-type-simple"},"jetpack_sharing_enabled":true,"_links":{"self":[{"href":"https:\/\/darstore.net\/index.php?rest_route=\/wp\/v2\/product\/12828","targetHints":{"allow":["GET"]}}],"collection":[{"href":"https:\/\/darstore.net\/index.php?rest_route=\/wp\/v2\/product"}],"about":[{"href":"https:\/\/darstore.net\/index.php?rest_route=\/wp\/v2\/types\/product"}],"replies":[{"embeddable":true,"href":"https:\/\/darstore.net\/index.php?rest_route=%2Fwp%2Fv2%2Fcomments&post=12828"}],"wp:featuredmedia":[{"embeddable":true,"href":"https:\/\/darstore.net\/index.php?rest_route=\/wp\/v2\/media\/12829"}],"wp:attachment":[{"href":"https:\/\/darstore.net\/index.php?rest_route=%2Fwp%2Fv2%2Fmedia&parent=12828"}],"wp:term":[{"taxonomy":"product_cat","embeddable":true,"href":"https:\/\/darstore.net\/index.php?rest_route=%2Fwp%2Fv2%2Fproduct_cat&post=12828"},{"taxonomy":"product_tag","embeddable":true,"href":"https:\/\/darstore.net\/index.php?rest_route=%2Fwp%2Fv2%2Fproduct_tag&post=12828"}],"curies":[{"name":"wp","href":"https:\/\/api.w.org\/{rel}","templated":true}]}}