{"id":12741,"date":"2025-12-13T11:43:30","date_gmt":"2025-12-13T10:43:30","guid":{"rendered":"https:\/\/darstore.net\/?post_type=product&#038;p=12741"},"modified":"2025-12-13T11:48:38","modified_gmt":"2025-12-13T10:48:38","slug":"armoire-coulissante-a-deux-vantaux","status":"publish","type":"product","link":"https:\/\/darstore.net\/?product=armoire-coulissante-a-deux-vantaux","title":{"rendered":"Armoire coulissante \u00e0 deux vantaux"},"content":{"rendered":"<p>\u00c9l\u00e9gante et raffin\u00e9e, cette armoire coulissante premium est con\u00e7ue en <strong data-start=\"247\" data-end=\"276\">MDF de qualit\u00e9 sup\u00e9rieure<\/strong>, garantissant robustesse et long\u00e9vit\u00e9. Ses <strong data-start=\"320\" data-end=\"348\">deux vantaux coulissants<\/strong> assurent une ouverture fluide et silencieuse, tout en optimisant l\u2019espace. Son design \u00e9pur\u00e9 et ses finitions soign\u00e9es apportent une touche contemporaine \u00e0 votre int\u00e9rieur, faisant de cette armoire un choix id\u00e9al pour une chambre moderne et sophistiqu\u00e9e.<\/p>\n<ul>\n<li><strong>Dimentions :<\/strong> 140 \/ 200 \/ 50<\/li>\n<li><strong>couleurs :\u00a0<\/strong>blanc , ch\u00e8ne<\/li>\n<li><strong>Mati\u00e8re :\u00a0<\/strong>MDF<\/li>\n<\/ul>\n","protected":false},"excerpt":{"rendered":"<p>\u00c9l\u00e9gante et raffin\u00e9e, cette armoire coulissante premium est con\u00e7ue en MDF de qualit\u00e9 sup\u00e9rieure, garantissant robustesse et long\u00e9vit\u00e9. Ses deux vantaux coulissants assurent une ouverture fluide et silencieuse, tout en optimisant l\u2019espace. Son design \u00e9pur\u00e9 et ses finitions soign\u00e9es apportent une touche contemporaine \u00e0 votre int\u00e9rieur, faisant de cette armoire un choix id\u00e9al pour une [&hellip;]<\/p>\n","protected":false},"featured_media":12706,"comment_status":"open","ping_status":"closed","template":"","meta":[],"product_cat":[103,32],"product_tag":[],"class_list":{"0":"post-12741","1":"product","2":"type-product","3":"status-publish","4":"has-post-thumbnail","6":"product_cat-armoire","7":"product_cat-chambre-a-coucher","9":"first","10":"instock","11":"sale","12":"shipping-taxable","13":"purchasable","14":"product-type-simple"},"jetpack_sharing_enabled":true,"_links":{"self":[{"href":"https:\/\/darstore.net\/index.php?rest_route=\/wp\/v2\/product\/12741","targetHints":{"allow":["GET"]}}],"collection":[{"href":"https:\/\/darstore.net\/index.php?rest_route=\/wp\/v2\/product"}],"about":[{"href":"https:\/\/darstore.net\/index.php?rest_route=\/wp\/v2\/types\/product"}],"replies":[{"embeddable":true,"href":"https:\/\/darstore.net\/index.php?rest_route=%2Fwp%2Fv2%2Fcomments&post=12741"}],"wp:featuredmedia":[{"embeddable":true,"href":"https:\/\/darstore.net\/index.php?rest_route=\/wp\/v2\/media\/12706"}],"wp:attachment":[{"href":"https:\/\/darstore.net\/index.php?rest_route=%2Fwp%2Fv2%2Fmedia&parent=12741"}],"wp:term":[{"taxonomy":"product_cat","embeddable":true,"href":"https:\/\/darstore.net\/index.php?rest_route=%2Fwp%2Fv2%2Fproduct_cat&post=12741"},{"taxonomy":"product_tag","embeddable":true,"href":"https:\/\/darstore.net\/index.php?rest_route=%2Fwp%2Fv2%2Fproduct_tag&post=12741"}],"curies":[{"name":"wp","href":"https:\/\/api.w.org\/{rel}","templated":true}]}}