{"id":12687,"date":"2025-12-12T16:57:00","date_gmt":"2025-12-12T15:57:00","guid":{"rendered":"https:\/\/darstore.net\/?post_type=product&#038;p=12687"},"modified":"2025-12-20T12:56:19","modified_gmt":"2025-12-20T11:56:19","slug":"coiffeuse-aux-tiroirs-arrondis","status":"publish","type":"product","link":"https:\/\/darstore.net\/?product=coiffeuse-aux-tiroirs-arrondis","title":{"rendered":"Coiffeuse aux tiroirs arrondis"},"content":{"rendered":"<p>Apportez lumi\u00e8re et style \u00e0 votre espace avec cette coiffeuse en MDF de haute qualit\u00e9. \u00c9quip\u00e9e d\u2019un \u00e9clairage LED int\u00e9gr\u00e9, elle offre une luminosit\u00e9 parfaite pour vos routines de maquillage ou coiffure. Ses tiroirs fonctionnels permettent un rangement pratique de vos accessoires, tandis que son design \u00e9l\u00e9gant et moderne s\u2019adapte \u00e0 tous les int\u00e9rieurs.<\/p>\n<ul>\n<li><strong>Dimentions :<\/strong> 90 \/ 40 \/ 80<\/li>\n<li><strong>couleurs :\u00a0<\/strong> Marron , blanc , ch\u00e8ne<\/li>\n<li><strong>Mati\u00e8re :\u00a0<\/strong>MDF<\/li>\n<\/ul>\n<p>\u00a0<\/p>\n","protected":false},"excerpt":{"rendered":"<p>Apportez lumi\u00e8re et style \u00e0 votre espace avec cette coiffeuse en MDF de haute qualit\u00e9. \u00c9quip\u00e9e d\u2019un \u00e9clairage LED int\u00e9gr\u00e9, elle offre une luminosit\u00e9 parfaite pour vos routines de maquillage ou coiffure. Ses tiroirs fonctionnels permettent un rangement pratique de vos accessoires, tandis que son design \u00e9l\u00e9gant et moderne s\u2019adapte \u00e0 tous les int\u00e9rieurs. Dimentions [&hellip;]<\/p>\n","protected":false},"featured_media":12817,"comment_status":"open","ping_status":"closed","template":"","meta":[],"product_cat":[32,45],"product_tag":[],"class_list":{"0":"post-12687","1":"product","2":"type-product","3":"status-publish","4":"has-post-thumbnail","6":"product_cat-chambre-a-coucher","7":"product_cat-dressers-chests","9":"first","10":"instock","11":"sale","12":"shipping-taxable","13":"purchasable","14":"product-type-simple"},"jetpack_sharing_enabled":true,"_links":{"self":[{"href":"https:\/\/darstore.net\/index.php?rest_route=\/wp\/v2\/product\/12687","targetHints":{"allow":["GET"]}}],"collection":[{"href":"https:\/\/darstore.net\/index.php?rest_route=\/wp\/v2\/product"}],"about":[{"href":"https:\/\/darstore.net\/index.php?rest_route=\/wp\/v2\/types\/product"}],"replies":[{"embeddable":true,"href":"https:\/\/darstore.net\/index.php?rest_route=%2Fwp%2Fv2%2Fcomments&post=12687"}],"wp:featuredmedia":[{"embeddable":true,"href":"https:\/\/darstore.net\/index.php?rest_route=\/wp\/v2\/media\/12817"}],"wp:attachment":[{"href":"https:\/\/darstore.net\/index.php?rest_route=%2Fwp%2Fv2%2Fmedia&parent=12687"}],"wp:term":[{"taxonomy":"product_cat","embeddable":true,"href":"https:\/\/darstore.net\/index.php?rest_route=%2Fwp%2Fv2%2Fproduct_cat&post=12687"},{"taxonomy":"product_tag","embeddable":true,"href":"https:\/\/darstore.net\/index.php?rest_route=%2Fwp%2Fv2%2Fproduct_tag&post=12687"}],"curies":[{"name":"wp","href":"https:\/\/api.w.org\/{rel}","templated":true}]}}