{"id":12639,"date":"2025-06-05T16:45:56","date_gmt":"2025-06-05T15:45:56","guid":{"rendered":"https:\/\/darstore.net\/?post_type=product&#038;p=12639"},"modified":"2026-03-30T16:22:16","modified_gmt":"2026-03-30T15:22:16","slug":"bibliotheque-multi-rangements-2-portes","status":"publish","type":"product","link":"https:\/\/darstore.net\/?product=bibliotheque-multi-rangements-2-portes","title":{"rendered":"Biblioth\u00e8que Multi-Rangements &#8211; 2 Portes"},"content":{"rendered":"<p data-start=\"194\" data-end=\"627\">Cette colonne de rangement \u00e9l\u00e9gante allie fonctionnalit\u00e9 et design moderne. Elle dispose de deux portes sup\u00e9rieures en bois clair pour garder vos objets \u00e0 l\u2019abri des regards, ainsi que de trois \u00e9tag\u00e8res ouvertes parfaites pour exposer livres, objets d\u00e9co ou accessoires du quotidien. Id\u00e9ale pour un bureau, un salon ou une chambre, elle offre une belle capacit\u00e9 de rangement tout en apportant une touche chaleureuse et contemporaine.<\/p>\n<ul>\n<li><strong>Dimentions :<\/strong> 170 \/ 60 \/ 30<\/li>\n<li><strong>couleurs :\u00a0<\/strong>Blanc , Ch\u00e8ne<\/li>\n<li><strong>Mati\u00e8re :\u00a0<\/strong>MDF<\/li>\n<\/ul>\n","protected":false},"excerpt":{"rendered":"<p>Cette colonne de rangement \u00e9l\u00e9gante allie fonctionnalit\u00e9 et design moderne. Elle dispose de deux portes sup\u00e9rieures en bois clair pour garder vos objets \u00e0 l\u2019abri des regards, ainsi que de trois \u00e9tag\u00e8res ouvertes parfaites pour exposer livres, objets d\u00e9co ou accessoires du quotidien. Id\u00e9ale pour un bureau, un salon ou une chambre, elle offre une [&hellip;]<\/p>\n","protected":false},"featured_media":12677,"comment_status":"open","ping_status":"closed","template":"","meta":[],"product_cat":[108,53],"product_tag":[],"class_list":{"0":"post-12639","1":"product","2":"type-product","3":"status-publish","4":"has-post-thumbnail","6":"product_cat-bibliotheque","7":"product_cat-cuisine","9":"first","10":"instock","11":"sale","12":"shipping-taxable","13":"purchasable","14":"product-type-simple"},"jetpack_sharing_enabled":true,"_links":{"self":[{"href":"https:\/\/darstore.net\/index.php?rest_route=\/wp\/v2\/product\/12639","targetHints":{"allow":["GET"]}}],"collection":[{"href":"https:\/\/darstore.net\/index.php?rest_route=\/wp\/v2\/product"}],"about":[{"href":"https:\/\/darstore.net\/index.php?rest_route=\/wp\/v2\/types\/product"}],"replies":[{"embeddable":true,"href":"https:\/\/darstore.net\/index.php?rest_route=%2Fwp%2Fv2%2Fcomments&post=12639"}],"wp:featuredmedia":[{"embeddable":true,"href":"https:\/\/darstore.net\/index.php?rest_route=\/wp\/v2\/media\/12677"}],"wp:attachment":[{"href":"https:\/\/darstore.net\/index.php?rest_route=%2Fwp%2Fv2%2Fmedia&parent=12639"}],"wp:term":[{"taxonomy":"product_cat","embeddable":true,"href":"https:\/\/darstore.net\/index.php?rest_route=%2Fwp%2Fv2%2Fproduct_cat&post=12639"},{"taxonomy":"product_tag","embeddable":true,"href":"https:\/\/darstore.net\/index.php?rest_route=%2Fwp%2Fv2%2Fproduct_tag&post=12639"}],"curies":[{"name":"wp","href":"https:\/\/api.w.org\/{rel}","templated":true}]}}