{"id":12627,"date":"2025-06-02T18:20:18","date_gmt":"2025-06-02T17:20:18","guid":{"rendered":"https:\/\/darstore.net\/?post_type=product&#038;p=12627"},"modified":"2025-12-15T14:05:39","modified_gmt":"2025-12-15T13:05:39","slug":"bureau-avec-caisson","status":"publish","type":"product","link":"https:\/\/darstore.net\/?product=bureau-avec-caisson","title":{"rendered":"Bureau simple Avec Caisson"},"content":{"rendered":"<p data-start=\"114\" data-end=\"493\">Alliant simplicit\u00e9 et fonctionnalit\u00e9, ce bureau au style scandinave est id\u00e9al pour un espace de travail organis\u00e9 et \u00e9l\u00e9gant. Son large plateau permet un confort optimal pour le travail ou les \u00e9tudes, tandis que son caisson mobile \u00e0 3 tiroirs offre un rangement pratique pour vos documents et fournitures. Fabriqu\u00e9 en bois finition ch\u00eane clair, il s\u2019int\u00e8gre parfaitement \u00e0 tout type d\u2019int\u00e9rieur.<\/p>\n<ul>\n<li><strong>Dimentions :<\/strong> 120 \/ 60 \/ 76<\/li>\n<li><strong>couleurs : <\/strong>Blanc , Ch\u00e8ne , Noyer<\/li>\n<li><strong>Mati\u00e8re :\u00a0<\/strong>MDF<\/li>\n<\/ul>\n","protected":false},"excerpt":{"rendered":"<p>Alliant simplicit\u00e9 et fonctionnalit\u00e9, ce bureau au style scandinave est id\u00e9al pour un espace de travail organis\u00e9 et \u00e9l\u00e9gant. Son large plateau permet un confort optimal pour le travail ou les \u00e9tudes, tandis que son caisson mobile \u00e0 3 tiroirs offre un rangement pratique pour vos documents et fournitures. Fabriqu\u00e9 en bois finition ch\u00eane clair, [&hellip;]<\/p>\n","protected":false},"featured_media":12802,"comment_status":"open","ping_status":"closed","template":"","meta":[],"product_cat":[119,48],"product_tag":[],"class_list":{"0":"post-12627","1":"product","2":"type-product","3":"status-publish","4":"has-post-thumbnail","6":"product_cat-bureaux","7":"product_cat-zone-de-travail","9":"first","10":"outofstock","11":"sale","12":"shipping-taxable","13":"purchasable","14":"product-type-simple"},"jetpack_sharing_enabled":true,"_links":{"self":[{"href":"https:\/\/darstore.net\/index.php?rest_route=\/wp\/v2\/product\/12627","targetHints":{"allow":["GET"]}}],"collection":[{"href":"https:\/\/darstore.net\/index.php?rest_route=\/wp\/v2\/product"}],"about":[{"href":"https:\/\/darstore.net\/index.php?rest_route=\/wp\/v2\/types\/product"}],"replies":[{"embeddable":true,"href":"https:\/\/darstore.net\/index.php?rest_route=%2Fwp%2Fv2%2Fcomments&post=12627"}],"wp:featuredmedia":[{"embeddable":true,"href":"https:\/\/darstore.net\/index.php?rest_route=\/wp\/v2\/media\/12802"}],"wp:attachment":[{"href":"https:\/\/darstore.net\/index.php?rest_route=%2Fwp%2Fv2%2Fmedia&parent=12627"}],"wp:term":[{"taxonomy":"product_cat","embeddable":true,"href":"https:\/\/darstore.net\/index.php?rest_route=%2Fwp%2Fv2%2Fproduct_cat&post=12627"},{"taxonomy":"product_tag","embeddable":true,"href":"https:\/\/darstore.net\/index.php?rest_route=%2Fwp%2Fv2%2Fproduct_tag&post=12627"}],"curies":[{"name":"wp","href":"https:\/\/api.w.org\/{rel}","templated":true}]}}