{"id":12618,"date":"2025-06-02T17:00:22","date_gmt":"2025-06-02T16:00:22","guid":{"rendered":"https:\/\/darstore.net\/?post_type=product&#038;p=12618"},"modified":"2026-03-30T16:23:01","modified_gmt":"2026-03-30T15:23:01","slug":"bureau-z-line","status":"publish","type":"product","link":"https:\/\/darstore.net\/?product=bureau-z-line","title":{"rendered":"Bureau Z-Line"},"content":{"rendered":"<p data-start=\"114\" data-end=\"493\">Ce bureau au design moderne allie style et fonctionnalit\u00e9 avec ses pieds en forme de Z et ses \u00e9tag\u00e8res lat\u00e9rales int\u00e9gr\u00e9es. Id\u00e9al pour un espace de travail organis\u00e9, il dispose d\u2019un plateau spacieux, d\u2019une niche centrale pratique et de rangements pour livres ou accessoires. Parfait pour le bureau \u00e0 domicile, les \u00e9tudes ou le t\u00e9l\u00e9travail.<\/p>\n<ul>\n<li><strong>Dimentions :<\/strong> 120 \/ 60 \/ 77<\/li>\n<li><strong>couleurs :\u00a0<\/strong>blanc-Noir , Blanc<\/li>\n<li><strong>Mati\u00e8re :\u00a0<\/strong>MDF<\/li>\n<\/ul>\n","protected":false},"excerpt":{"rendered":"<p>Ce bureau au design moderne allie style et fonctionnalit\u00e9 avec ses pieds en forme de Z et ses \u00e9tag\u00e8res lat\u00e9rales int\u00e9gr\u00e9es. Id\u00e9al pour un espace de travail organis\u00e9, il dispose d\u2019un plateau spacieux, d\u2019une niche centrale pratique et de rangements pour livres ou accessoires. Parfait pour le bureau \u00e0 domicile, les \u00e9tudes ou le t\u00e9l\u00e9travail. [&hellip;]<\/p>\n","protected":false},"featured_media":12669,"comment_status":"open","ping_status":"closed","template":"","meta":[],"product_cat":[119,48],"product_tag":[],"class_list":{"0":"post-12618","1":"product","2":"type-product","3":"status-publish","4":"has-post-thumbnail","6":"product_cat-bureaux","7":"product_cat-zone-de-travail","9":"first","10":"outofstock","11":"sale","12":"shipping-taxable","13":"purchasable","14":"product-type-simple"},"jetpack_sharing_enabled":true,"_links":{"self":[{"href":"https:\/\/darstore.net\/index.php?rest_route=\/wp\/v2\/product\/12618","targetHints":{"allow":["GET"]}}],"collection":[{"href":"https:\/\/darstore.net\/index.php?rest_route=\/wp\/v2\/product"}],"about":[{"href":"https:\/\/darstore.net\/index.php?rest_route=\/wp\/v2\/types\/product"}],"replies":[{"embeddable":true,"href":"https:\/\/darstore.net\/index.php?rest_route=%2Fwp%2Fv2%2Fcomments&post=12618"}],"wp:featuredmedia":[{"embeddable":true,"href":"https:\/\/darstore.net\/index.php?rest_route=\/wp\/v2\/media\/12669"}],"wp:attachment":[{"href":"https:\/\/darstore.net\/index.php?rest_route=%2Fwp%2Fv2%2Fmedia&parent=12618"}],"wp:term":[{"taxonomy":"product_cat","embeddable":true,"href":"https:\/\/darstore.net\/index.php?rest_route=%2Fwp%2Fv2%2Fproduct_cat&post=12618"},{"taxonomy":"product_tag","embeddable":true,"href":"https:\/\/darstore.net\/index.php?rest_route=%2Fwp%2Fv2%2Fproduct_tag&post=12618"}],"curies":[{"name":"wp","href":"https:\/\/api.w.org\/{rel}","templated":true}]}}