{"id":12613,"date":"2025-06-02T16:22:08","date_gmt":"2025-06-02T15:22:08","guid":{"rendered":"https:\/\/darstore.net\/?post_type=product&#038;p=12613"},"modified":"2026-03-30T16:23:28","modified_gmt":"2026-03-30T15:23:28","slug":"ensemble-coiffeusetabouret-multifonction","status":"publish","type":"product","link":"https:\/\/darstore.net\/?product=ensemble-coiffeusetabouret-multifonction","title":{"rendered":"Ensemble Coiffeuse+Tabouret Multifonction"},"content":{"rendered":"<p data-start=\"114\" data-end=\"493\">Apportez style et praticit\u00e9 \u00e0 votre espace avec cette coiffeuse moderne \u00e9quip\u00e9e de deux tiroirs spacieux pour organiser vos accessoires. Son tabouret assorti, dot\u00e9 d\u2019un coussin confortable, cache un tiroir de rangement int\u00e9gr\u00e9 et se d\u00e9place facilement gr\u00e2ce \u00e0 ses roulettes. Id\u00e9al pour les petits espaces, cet ensemble compact allie design \u00e9l\u00e9gant et fonctionnalit\u00e9 intelligente.<\/p>\n<ul>\n<li><strong>Dimentions :<\/strong> 60 \/ 47 \/ 80<\/li>\n<li><strong>couleurs :\u00a0<\/strong>blanc , ch\u00e8ne<\/li>\n<li><strong>Mati\u00e8re :\u00a0<\/strong>MDF<\/li>\n<\/ul>\n","protected":false},"excerpt":{"rendered":"<p>Apportez style et praticit\u00e9 \u00e0 votre espace avec cette coiffeuse moderne \u00e9quip\u00e9e de deux tiroirs spacieux pour organiser vos accessoires. Son tabouret assorti, dot\u00e9 d\u2019un coussin confortable, cache un tiroir de rangement int\u00e9gr\u00e9 et se d\u00e9place facilement gr\u00e2ce \u00e0 ses roulettes. Id\u00e9al pour les petits espaces, cet ensemble compact allie design \u00e9l\u00e9gant et fonctionnalit\u00e9 intelligente. [&hellip;]<\/p>\n","protected":false},"featured_media":12666,"comment_status":"open","ping_status":"closed","template":"","meta":[],"product_cat":[32,45],"product_tag":[],"class_list":{"0":"post-12613","1":"product","2":"type-product","3":"status-publish","4":"has-post-thumbnail","6":"product_cat-chambre-a-coucher","7":"product_cat-dressers-chests","9":"first","10":"instock","11":"sale","12":"shipping-taxable","13":"purchasable","14":"product-type-simple"},"jetpack_sharing_enabled":true,"_links":{"self":[{"href":"https:\/\/darstore.net\/index.php?rest_route=\/wp\/v2\/product\/12613","targetHints":{"allow":["GET"]}}],"collection":[{"href":"https:\/\/darstore.net\/index.php?rest_route=\/wp\/v2\/product"}],"about":[{"href":"https:\/\/darstore.net\/index.php?rest_route=\/wp\/v2\/types\/product"}],"replies":[{"embeddable":true,"href":"https:\/\/darstore.net\/index.php?rest_route=%2Fwp%2Fv2%2Fcomments&post=12613"}],"wp:featuredmedia":[{"embeddable":true,"href":"https:\/\/darstore.net\/index.php?rest_route=\/wp\/v2\/media\/12666"}],"wp:attachment":[{"href":"https:\/\/darstore.net\/index.php?rest_route=%2Fwp%2Fv2%2Fmedia&parent=12613"}],"wp:term":[{"taxonomy":"product_cat","embeddable":true,"href":"https:\/\/darstore.net\/index.php?rest_route=%2Fwp%2Fv2%2Fproduct_cat&post=12613"},{"taxonomy":"product_tag","embeddable":true,"href":"https:\/\/darstore.net\/index.php?rest_route=%2Fwp%2Fv2%2Fproduct_tag&post=12613"}],"curies":[{"name":"wp","href":"https:\/\/api.w.org\/{rel}","templated":true}]}}