{"id":12597,"date":"2025-02-01T15:05:44","date_gmt":"2025-02-01T14:05:44","guid":{"rendered":"https:\/\/darstore.net\/?post_type=product&#038;p=12597"},"modified":"2025-12-13T14:16:26","modified_gmt":"2025-12-13T13:16:26","slug":"lit-une-place-avec-tappisserie-de-cigare-2","status":"publish","type":"product","link":"https:\/\/darstore.net\/?product=lit-une-place-avec-tappisserie-de-cigare-2","title":{"rendered":"Lit simple tapiss\u00e9 style cigarre"},"content":{"rendered":"<p>Ce lit une place avec tapisserie de cigare, fabriqu\u00e9 en MDF, apporte une touche de sophistication unique \u00e0 votre chambre. Son design \u00e9l\u00e9gant, associ\u00e9 \u00e0 la texture subtile de la tapisserie inspir\u00e9e du cigare, cr\u00e9e une ambiance chaleureuse et raffin\u00e9e. Offrant \u00e0 la fois confort et style, ce lit est une v\u00e9ritable invitation \u00e0 la d\u00e9tente et au luxe discret.<\/p>\n<ul>\n<li><strong>Dimentions :<\/strong>\u00a090 \/ 190<\/li>\n<li><strong>couleurs :\u00a0<\/strong> <strong>\u00a0<\/strong>blanc , ch\u00e8ne , Noyer<\/li>\n<li><strong>Mati\u00e8re :\u00a0<\/strong>MDF<\/li>\n<\/ul>\n","protected":false},"excerpt":{"rendered":"<p>Ce lit une place avec tapisserie de cigare, fabriqu\u00e9 en MDF, apporte une touche de sophistication unique \u00e0 votre chambre. Son design \u00e9l\u00e9gant, associ\u00e9 \u00e0 la texture subtile de la tapisserie inspir\u00e9e du cigare, cr\u00e9e une ambiance chaleureuse et raffin\u00e9e. Offrant \u00e0 la fois confort et style, ce lit est une v\u00e9ritable invitation \u00e0 la [&hellip;]<\/p>\n","protected":false},"featured_media":12600,"comment_status":"open","ping_status":"closed","template":"","meta":[],"product_cat":[32,33],"product_tag":[],"class_list":{"0":"post-12597","1":"product","2":"type-product","3":"status-publish","4":"has-post-thumbnail","6":"product_cat-chambre-a-coucher","7":"product_cat-lits","9":"first","10":"instock","11":"sale","12":"shipping-taxable","13":"purchasable","14":"product-type-simple"},"jetpack_sharing_enabled":true,"_links":{"self":[{"href":"https:\/\/darstore.net\/index.php?rest_route=\/wp\/v2\/product\/12597","targetHints":{"allow":["GET"]}}],"collection":[{"href":"https:\/\/darstore.net\/index.php?rest_route=\/wp\/v2\/product"}],"about":[{"href":"https:\/\/darstore.net\/index.php?rest_route=\/wp\/v2\/types\/product"}],"replies":[{"embeddable":true,"href":"https:\/\/darstore.net\/index.php?rest_route=%2Fwp%2Fv2%2Fcomments&post=12597"}],"wp:featuredmedia":[{"embeddable":true,"href":"https:\/\/darstore.net\/index.php?rest_route=\/wp\/v2\/media\/12600"}],"wp:attachment":[{"href":"https:\/\/darstore.net\/index.php?rest_route=%2Fwp%2Fv2%2Fmedia&parent=12597"}],"wp:term":[{"taxonomy":"product_cat","embeddable":true,"href":"https:\/\/darstore.net\/index.php?rest_route=%2Fwp%2Fv2%2Fproduct_cat&post=12597"},{"taxonomy":"product_tag","embeddable":true,"href":"https:\/\/darstore.net\/index.php?rest_route=%2Fwp%2Fv2%2Fproduct_tag&post=12597"}],"curies":[{"name":"wp","href":"https:\/\/api.w.org\/{rel}","templated":true}]}}