{"id":12591,"date":"2025-02-01T14:56:03","date_gmt":"2025-02-01T13:56:03","guid":{"rendered":"https:\/\/darstore.net\/?post_type=product&#038;p=12591"},"modified":"2025-12-13T14:14:33","modified_gmt":"2025-12-13T13:14:33","slug":"lit-une-place-avec-tappisserie-de-brique-2","status":"publish","type":"product","link":"https:\/\/darstore.net\/?product=lit-une-place-avec-tappisserie-de-brique-2","title":{"rendered":"Lit simple tapiss\u00e9, motif brique"},"content":{"rendered":"<p>Plongez dans le confort avec ce lit une place au design raffin\u00e9, fabriqu\u00e9 en MDF et habill\u00e9 d\u2019une tapisserie \u00e9l\u00e9gante. Son allure moderne et sa structure robuste offrent non seulement un soutien parfait, mais aussi une atmosph\u00e8re chaleureuse et styl\u00e9e pour votre chambre. Un v\u00e9ritable havre de paix pour vos nuits, alliant confort et sophistication.<\/p>\n<ul>\n<li><strong>Dimentions :<\/strong> 90 \/ 190<\/li>\n<li><strong>couleurs :<\/strong> <strong>\u00a0<\/strong>blanc , ch\u00e8ne , Noyer<\/li>\n<li><strong>Mati\u00e8re :\u00a0<\/strong>MDF<\/li>\n<\/ul>\n","protected":false},"excerpt":{"rendered":"<p>Plongez dans le confort avec ce lit une place au design raffin\u00e9, fabriqu\u00e9 en MDF et habill\u00e9 d\u2019une tapisserie \u00e9l\u00e9gante. Son allure moderne et sa structure robuste offrent non seulement un soutien parfait, mais aussi une atmosph\u00e8re chaleureuse et styl\u00e9e pour votre chambre. Un v\u00e9ritable havre de paix pour vos nuits, alliant confort et sophistication. [&hellip;]<\/p>\n","protected":false},"featured_media":12589,"comment_status":"open","ping_status":"closed","template":"","meta":[],"product_cat":[32,33],"product_tag":[],"class_list":{"0":"post-12591","1":"product","2":"type-product","3":"status-publish","4":"has-post-thumbnail","6":"product_cat-chambre-a-coucher","7":"product_cat-lits","9":"first","10":"instock","11":"sale","12":"shipping-taxable","13":"purchasable","14":"product-type-simple"},"jetpack_sharing_enabled":true,"_links":{"self":[{"href":"https:\/\/darstore.net\/index.php?rest_route=\/wp\/v2\/product\/12591","targetHints":{"allow":["GET"]}}],"collection":[{"href":"https:\/\/darstore.net\/index.php?rest_route=\/wp\/v2\/product"}],"about":[{"href":"https:\/\/darstore.net\/index.php?rest_route=\/wp\/v2\/types\/product"}],"replies":[{"embeddable":true,"href":"https:\/\/darstore.net\/index.php?rest_route=%2Fwp%2Fv2%2Fcomments&post=12591"}],"wp:featuredmedia":[{"embeddable":true,"href":"https:\/\/darstore.net\/index.php?rest_route=\/wp\/v2\/media\/12589"}],"wp:attachment":[{"href":"https:\/\/darstore.net\/index.php?rest_route=%2Fwp%2Fv2%2Fmedia&parent=12591"}],"wp:term":[{"taxonomy":"product_cat","embeddable":true,"href":"https:\/\/darstore.net\/index.php?rest_route=%2Fwp%2Fv2%2Fproduct_cat&post=12591"},{"taxonomy":"product_tag","embeddable":true,"href":"https:\/\/darstore.net\/index.php?rest_route=%2Fwp%2Fv2%2Fproduct_tag&post=12591"}],"curies":[{"name":"wp","href":"https:\/\/api.w.org\/{rel}","templated":true}]}}