{"id":12584,"date":"2025-01-31T18:20:31","date_gmt":"2025-01-31T17:20:31","guid":{"rendered":"https:\/\/darstore.net\/?post_type=product&#038;p=12584"},"modified":"2026-03-30T16:24:58","modified_gmt":"2026-03-30T15:24:58","slug":"placard-de-cuisine-a-4-portes-2-portes-mecanisme","status":"publish","type":"product","link":"https:\/\/darstore.net\/?product=placard-de-cuisine-a-4-portes-2-portes-mecanisme","title":{"rendered":"Placard de Cuisine \u00e0 4 Portes &#8211; 2 portes m\u00e9canisme"},"content":{"rendered":"<p>Ce placard de cuisine en MDF allie fonctionnalit\u00e9 et design moderne. Avec ses quatre portes classiques et deux portes \u00e9quip\u00e9es de gaz struts, il offre un acc\u00e8s facile et s\u00e9curis\u00e9 \u00e0 vos rangements. R\u00e9sistant et facile \u00e0 entretenir, ce placard optimise l\u2019espace tout en ajoutant une touche d\u2019\u00e9l\u00e9gance \u00e0 votre cuisine<\/p>\n<ul>\n<li><strong>Dimentions :<\/strong> 60 \/ 60 \/ 40<\/li>\n<li><strong>couleurs :\u00a0<\/strong>blanc , ch\u00e8ne<\/li>\n<li><strong>Mati\u00e8re :\u00a0<\/strong>MDF<\/li>\n<\/ul>\n","protected":false},"excerpt":{"rendered":"<p>Ce placard de cuisine en MDF allie fonctionnalit\u00e9 et design moderne. Avec ses quatre portes classiques et deux portes \u00e9quip\u00e9es de gaz struts, il offre un acc\u00e8s facile et s\u00e9curis\u00e9 \u00e0 vos rangements. R\u00e9sistant et facile \u00e0 entretenir, ce placard optimise l\u2019espace tout en ajoutant une touche d\u2019\u00e9l\u00e9gance \u00e0 votre cuisine Dimentions : 60 \/ [&hellip;]<\/p>\n","protected":false},"featured_media":12585,"comment_status":"open","ping_status":"closed","template":"","meta":[],"product_cat":[118],"product_tag":[],"class_list":{"0":"post-12584","1":"product","2":"type-product","3":"status-publish","4":"has-post-thumbnail","6":"product_cat-placards-de-cuisine","8":"first","9":"outofstock","10":"sale","11":"shipping-taxable","12":"purchasable","13":"product-type-simple"},"jetpack_sharing_enabled":true,"_links":{"self":[{"href":"https:\/\/darstore.net\/index.php?rest_route=\/wp\/v2\/product\/12584","targetHints":{"allow":["GET"]}}],"collection":[{"href":"https:\/\/darstore.net\/index.php?rest_route=\/wp\/v2\/product"}],"about":[{"href":"https:\/\/darstore.net\/index.php?rest_route=\/wp\/v2\/types\/product"}],"replies":[{"embeddable":true,"href":"https:\/\/darstore.net\/index.php?rest_route=%2Fwp%2Fv2%2Fcomments&post=12584"}],"wp:featuredmedia":[{"embeddable":true,"href":"https:\/\/darstore.net\/index.php?rest_route=\/wp\/v2\/media\/12585"}],"wp:attachment":[{"href":"https:\/\/darstore.net\/index.php?rest_route=%2Fwp%2Fv2%2Fmedia&parent=12584"}],"wp:term":[{"taxonomy":"product_cat","embeddable":true,"href":"https:\/\/darstore.net\/index.php?rest_route=%2Fwp%2Fv2%2Fproduct_cat&post=12584"},{"taxonomy":"product_tag","embeddable":true,"href":"https:\/\/darstore.net\/index.php?rest_route=%2Fwp%2Fv2%2Fproduct_tag&post=12584"}],"curies":[{"name":"wp","href":"https:\/\/api.w.org\/{rel}","templated":true}]}}