{"id":12577,"date":"2025-01-29T18:13:34","date_gmt":"2025-01-29T17:13:34","guid":{"rendered":"https:\/\/darstore.net\/?post_type=product&#038;p=12577"},"modified":"2026-03-30T16:26:42","modified_gmt":"2026-03-30T15:26:42","slug":"table-a-manger-rectangulaire-avec-4-chaises-jaune","status":"publish","type":"product","link":"https:\/\/darstore.net\/?product=table-a-manger-rectangulaire-avec-4-chaises-jaune","title":{"rendered":"Table \u00e0 Manger rectangulaire avec 6 chaises &#8211; Jaune"},"content":{"rendered":"<p>Apportez \u00e9l\u00e9gance et douceur \u00e0 votre int\u00e9rieur avec cette <strong>salle \u00e0 manger rectangulaire en MDF aux angles arrondis<\/strong>, accompagn\u00e9e de <strong>quatre chaises assorties<\/strong>. Son design moderne allie <strong>s\u00e9curit\u00e9 et esth\u00e9tisme<\/strong>, \u00e9vitant les coins vifs tout en conservant une ligne \u00e9pur\u00e9e. Robuste et raffin\u00e9e, elle est id\u00e9ale pour des repas chaleureux en famille ou entre amis<\/p>\n<ul>\n<li><strong>Dimentions :<\/strong> 145 \/ 80 \/ 77<\/li>\n<li><strong>couleurs :\u00a0<\/strong>blanc , Marron<\/li>\n<li><strong>Mati\u00e8re :\u00a0<\/strong>MDF<\/li>\n<\/ul>\n","protected":false},"excerpt":{"rendered":"<p>Apportez \u00e9l\u00e9gance et douceur \u00e0 votre int\u00e9rieur avec cette salle \u00e0 manger rectangulaire en MDF aux angles arrondis, accompagn\u00e9e de quatre chaises assorties. Son design moderne allie s\u00e9curit\u00e9 et esth\u00e9tisme, \u00e9vitant les coins vifs tout en conservant une ligne \u00e9pur\u00e9e. Robuste et raffin\u00e9e, elle est id\u00e9ale pour des repas chaleureux en famille ou entre amis [&hellip;]<\/p>\n","protected":false},"featured_media":12580,"comment_status":"open","ping_status":"closed","template":"","meta":[],"product_cat":[97,54],"product_tag":[],"class_list":{"0":"post-12577","1":"product","2":"type-product","3":"status-publish","4":"has-post-thumbnail","6":"product_cat-salle-a-manger-arm-chairs","7":"product_cat-salle-de-sejour","9":"first","10":"outofstock","11":"sale","12":"shipping-taxable","13":"purchasable","14":"product-type-simple"},"jetpack_sharing_enabled":true,"_links":{"self":[{"href":"https:\/\/darstore.net\/index.php?rest_route=\/wp\/v2\/product\/12577","targetHints":{"allow":["GET"]}}],"collection":[{"href":"https:\/\/darstore.net\/index.php?rest_route=\/wp\/v2\/product"}],"about":[{"href":"https:\/\/darstore.net\/index.php?rest_route=\/wp\/v2\/types\/product"}],"replies":[{"embeddable":true,"href":"https:\/\/darstore.net\/index.php?rest_route=%2Fwp%2Fv2%2Fcomments&post=12577"}],"wp:featuredmedia":[{"embeddable":true,"href":"https:\/\/darstore.net\/index.php?rest_route=\/wp\/v2\/media\/12580"}],"wp:attachment":[{"href":"https:\/\/darstore.net\/index.php?rest_route=%2Fwp%2Fv2%2Fmedia&parent=12577"}],"wp:term":[{"taxonomy":"product_cat","embeddable":true,"href":"https:\/\/darstore.net\/index.php?rest_route=%2Fwp%2Fv2%2Fproduct_cat&post=12577"},{"taxonomy":"product_tag","embeddable":true,"href":"https:\/\/darstore.net\/index.php?rest_route=%2Fwp%2Fv2%2Fproduct_tag&post=12577"}],"curies":[{"name":"wp","href":"https:\/\/api.w.org\/{rel}","templated":true}]}}