{"id":12573,"date":"2025-01-29T17:53:19","date_gmt":"2025-01-29T16:53:19","guid":{"rendered":"https:\/\/darstore.net\/?post_type=product&#038;p=12573"},"modified":"2026-03-30T16:40:52","modified_gmt":"2026-03-30T15:40:52","slug":"table-a-manger-circulaire-avec-4-chaises-beige","status":"publish","type":"product","link":"https:\/\/darstore.net\/?product=table-a-manger-circulaire-avec-4-chaises-beige","title":{"rendered":"Table \u00e0 Manger circulaire avec 4 chaises"},"content":{"rendered":"<p>Offrez une touche de <strong>modernit\u00e9 et de convivialit\u00e9<\/strong> \u00e0 votre int\u00e9rieur avec cette <strong>salle \u00e0 manger circulaire en MDF<\/strong> et ses <strong>quatre chaises assorties<\/strong>. Son design \u00e9pur\u00e9 et arrondi invite au partage, cr\u00e9ant une atmosph\u00e8re chaleureuse. Robuste et \u00e9l\u00e9gante, elle allie <strong>l\u00e9g\u00e8ret\u00e9 et durabilit\u00e9<\/strong>, parfaite pour des repas agr\u00e9ables au quotidien<\/p>\n<ul>\n<li><strong>Dimentions :<\/strong> 90 \/ 80 \/ 77<\/li>\n<li><strong>couleurs :\u00a0<\/strong>blanc , Marron<\/li>\n<li><strong>Mati\u00e8re :\u00a0<\/strong>MDF<\/li>\n<\/ul>\n","protected":false},"excerpt":{"rendered":"<p>Offrez une touche de modernit\u00e9 et de convivialit\u00e9 \u00e0 votre int\u00e9rieur avec cette salle \u00e0 manger circulaire en MDF et ses quatre chaises assorties. Son design \u00e9pur\u00e9 et arrondi invite au partage, cr\u00e9ant une atmosph\u00e8re chaleureuse. Robuste et \u00e9l\u00e9gante, elle allie l\u00e9g\u00e8ret\u00e9 et durabilit\u00e9, parfaite pour des repas agr\u00e9ables au quotidien Dimentions : 90 \/ [&hellip;]<\/p>\n","protected":false},"featured_media":12865,"comment_status":"open","ping_status":"closed","template":"","meta":[],"product_cat":[97,54],"product_tag":[],"class_list":{"0":"post-12573","1":"product","2":"type-product","3":"status-publish","4":"has-post-thumbnail","6":"product_cat-salle-a-manger-arm-chairs","7":"product_cat-salle-de-sejour","9":"first","10":"instock","11":"sale","12":"shipping-taxable","13":"purchasable","14":"product-type-simple"},"jetpack_sharing_enabled":true,"_links":{"self":[{"href":"https:\/\/darstore.net\/index.php?rest_route=\/wp\/v2\/product\/12573","targetHints":{"allow":["GET"]}}],"collection":[{"href":"https:\/\/darstore.net\/index.php?rest_route=\/wp\/v2\/product"}],"about":[{"href":"https:\/\/darstore.net\/index.php?rest_route=\/wp\/v2\/types\/product"}],"replies":[{"embeddable":true,"href":"https:\/\/darstore.net\/index.php?rest_route=%2Fwp%2Fv2%2Fcomments&post=12573"}],"wp:featuredmedia":[{"embeddable":true,"href":"https:\/\/darstore.net\/index.php?rest_route=\/wp\/v2\/media\/12865"}],"wp:attachment":[{"href":"https:\/\/darstore.net\/index.php?rest_route=%2Fwp%2Fv2%2Fmedia&parent=12573"}],"wp:term":[{"taxonomy":"product_cat","embeddable":true,"href":"https:\/\/darstore.net\/index.php?rest_route=%2Fwp%2Fv2%2Fproduct_cat&post=12573"},{"taxonomy":"product_tag","embeddable":true,"href":"https:\/\/darstore.net\/index.php?rest_route=%2Fwp%2Fv2%2Fproduct_tag&post=12573"}],"curies":[{"name":"wp","href":"https:\/\/api.w.org\/{rel}","templated":true}]}}