{"id":12564,"date":"2025-01-29T17:38:06","date_gmt":"2025-01-29T16:38:06","guid":{"rendered":"https:\/\/darstore.net\/?post_type=product&#038;p=12564"},"modified":"2025-12-13T17:27:22","modified_gmt":"2025-12-13T16:27:22","slug":"mirroire-mobile-sonoma-blanc","status":"publish","type":"product","link":"https:\/\/darstore.net\/?product=mirroire-mobile-sonoma-blanc","title":{"rendered":"Miroir pratique pour s\u00e9jour"},"content":{"rendered":"<p>Un <strong>miroir mobile en MDF<\/strong> avec un <strong>m\u00e9canisme de rotation<\/strong> est pratique et moderne. Mont\u00e9 sur une base en MDF robuste, il est \u00e9quip\u00e9 d\u2019un syst\u00e8me pivotant permettant un <strong>ajustement facile de l\u2019angle de vue<\/strong>. Id\u00e9al pour la salle de bain, la coiffeuse ou la d\u00e9coration, il offre <strong>flexibilit\u00e9 et confort d\u2019utilisation<\/strong>, tout en restant l\u00e9ger et \u00e9l\u00e9gant<\/p>\n<ul>\n<li><strong>Dimentions :<\/strong> 170 \/ 55 \/ 22<\/li>\n<li><strong>couleurs :\u00a0<\/strong>blanc , ch\u00e8ne , Marron , Noir<\/li>\n<li><strong>Mati\u00e8re :\u00a0<\/strong>MDF<\/li>\n<\/ul>\n","protected":false},"excerpt":{"rendered":"<p>Un miroir mobile en MDF avec un m\u00e9canisme de rotation est pratique et moderne. Mont\u00e9 sur une base en MDF robuste, il est \u00e9quip\u00e9 d\u2019un syst\u00e8me pivotant permettant un ajustement facile de l\u2019angle de vue. Id\u00e9al pour la salle de bain, la coiffeuse ou la d\u00e9coration, il offre flexibilit\u00e9 et confort d\u2019utilisation, tout en restant [&hellip;]<\/p>\n","protected":false},"featured_media":12757,"comment_status":"open","ping_status":"closed","template":"","meta":[],"product_cat":[114,54],"product_tag":[],"class_list":{"0":"post-12564","1":"product","2":"type-product","3":"status-publish","4":"has-post-thumbnail","6":"product_cat-mirroire","7":"product_cat-salle-de-sejour","9":"first","10":"instock","11":"sale","12":"shipping-taxable","13":"purchasable","14":"product-type-simple"},"jetpack_sharing_enabled":true,"_links":{"self":[{"href":"https:\/\/darstore.net\/index.php?rest_route=\/wp\/v2\/product\/12564","targetHints":{"allow":["GET"]}}],"collection":[{"href":"https:\/\/darstore.net\/index.php?rest_route=\/wp\/v2\/product"}],"about":[{"href":"https:\/\/darstore.net\/index.php?rest_route=\/wp\/v2\/types\/product"}],"replies":[{"embeddable":true,"href":"https:\/\/darstore.net\/index.php?rest_route=%2Fwp%2Fv2%2Fcomments&post=12564"}],"wp:featuredmedia":[{"embeddable":true,"href":"https:\/\/darstore.net\/index.php?rest_route=\/wp\/v2\/media\/12757"}],"wp:attachment":[{"href":"https:\/\/darstore.net\/index.php?rest_route=%2Fwp%2Fv2%2Fmedia&parent=12564"}],"wp:term":[{"taxonomy":"product_cat","embeddable":true,"href":"https:\/\/darstore.net\/index.php?rest_route=%2Fwp%2Fv2%2Fproduct_cat&post=12564"},{"taxonomy":"product_tag","embeddable":true,"href":"https:\/\/darstore.net\/index.php?rest_route=%2Fwp%2Fv2%2Fproduct_tag&post=12564"}],"curies":[{"name":"wp","href":"https:\/\/api.w.org\/{rel}","templated":true}]}}