{"id":12326,"date":"2024-12-20T17:32:02","date_gmt":"2024-12-20T16:32:02","guid":{"rendered":"https:\/\/darstore.net\/?post_type=product&#038;p=12326"},"modified":"2025-12-13T11:31:23","modified_gmt":"2025-12-13T10:31:23","slug":"commode-a-3-tiroires","status":"publish","type":"product","link":"https:\/\/darstore.net\/?product=commode-a-3-tiroires","title":{"rendered":"Coiffeuse \u00e9l\u00e9gante \u00e0 trois tiroirs"},"content":{"rendered":"<p>Cette commode combine rangement et praticit\u00e9 avec 3 tiroirs spacieux, un grand miroir int\u00e9gr\u00e9, et des \u00e9tag\u00e8res pratiques pour vos objets d\u00e9coratifs. Id\u00e9ale pour la chambre ou le dressing, elle s\u2019adapte \u00e0 tous les styles d\u2019int\u00e9rieur.<\/p>\n<ul>\n<li><strong>Dimentions :<\/strong> 90 \/ 40 \/ 80<\/li>\n<li><strong>couleurs :\u00a0<\/strong>blanc , ch\u00e8ne , Noyer<\/li>\n<li><strong>Mati\u00e8re :\u00a0<\/strong>MDF<\/li>\n<\/ul>\n","protected":false},"excerpt":{"rendered":"<p>Cette commode combine rangement et praticit\u00e9 avec 3 tiroirs spacieux, un grand miroir int\u00e9gr\u00e9, et des \u00e9tag\u00e8res pratiques pour vos objets d\u00e9coratifs. Id\u00e9ale pour la chambre ou le dressing, elle s\u2019adapte \u00e0 tous les styles d\u2019int\u00e9rieur. Dimentions : 90 \/ 40 \/ 80 couleurs :\u00a0blanc , ch\u00e8ne , Noyer Mati\u00e8re :\u00a0MDF<\/p>\n","protected":false},"featured_media":12699,"comment_status":"open","ping_status":"closed","template":"","meta":[],"product_cat":[32,45],"product_tag":[],"class_list":{"0":"post-12326","1":"product","2":"type-product","3":"status-publish","4":"has-post-thumbnail","6":"product_cat-chambre-a-coucher","7":"product_cat-dressers-chests","9":"first","10":"instock","11":"sale","12":"shipping-taxable","13":"purchasable","14":"product-type-simple"},"jetpack_sharing_enabled":true,"_links":{"self":[{"href":"https:\/\/darstore.net\/index.php?rest_route=\/wp\/v2\/product\/12326","targetHints":{"allow":["GET"]}}],"collection":[{"href":"https:\/\/darstore.net\/index.php?rest_route=\/wp\/v2\/product"}],"about":[{"href":"https:\/\/darstore.net\/index.php?rest_route=\/wp\/v2\/types\/product"}],"replies":[{"embeddable":true,"href":"https:\/\/darstore.net\/index.php?rest_route=%2Fwp%2Fv2%2Fcomments&post=12326"}],"wp:featuredmedia":[{"embeddable":true,"href":"https:\/\/darstore.net\/index.php?rest_route=\/wp\/v2\/media\/12699"}],"wp:attachment":[{"href":"https:\/\/darstore.net\/index.php?rest_route=%2Fwp%2Fv2%2Fmedia&parent=12326"}],"wp:term":[{"taxonomy":"product_cat","embeddable":true,"href":"https:\/\/darstore.net\/index.php?rest_route=%2Fwp%2Fv2%2Fproduct_cat&post=12326"},{"taxonomy":"product_tag","embeddable":true,"href":"https:\/\/darstore.net\/index.php?rest_route=%2Fwp%2Fv2%2Fproduct_tag&post=12326"}],"curies":[{"name":"wp","href":"https:\/\/api.w.org\/{rel}","templated":true}]}}