{"id":12295,"date":"2024-12-11T14:15:43","date_gmt":"2024-12-11T13:15:43","guid":{"rendered":"https:\/\/darstore.net\/?post_type=product&#038;p=12295"},"modified":"2025-12-15T14:17:01","modified_gmt":"2025-12-15T13:17:01","slug":"bibliotheque-darbre","status":"publish","type":"product","link":"https:\/\/darstore.net\/?product=bibliotheque-darbre","title":{"rendered":"Biblioth\u00e8que design arbre"},"content":{"rendered":"<div class=\"flex max-w-full flex-col flex-grow\">\n<div class=\"min-h-8 text-message flex w-full flex-col items-end gap-2 whitespace-normal break-words text-start [.text-message+&]:mt-5\" dir=\"auto\" data-message-author-role=\"assistant\" data-message-id=\"d0d0c2b0-a1c5-461e-9065-5935c7480741\" data-message-model-slug=\"gpt-4o\">\n<div class=\"flex w-full flex-col gap-1 empty:hidden first:pt-[3px]\">\n<div class=\"markdown prose w-full break-words dark:prose-invert light\">\n<p>Cette biblioth\u00e8que en MDF, en forme d\u2019arbre, est id\u00e9ale pour ranger livres et objets. Compacte et d\u00e9corative, elle s\u2019int\u00e8gre facilement dans tout espace. Durable et facile \u00e0 assembler, elle apporte une touche originale \u00e0 votre int\u00e9rieur.<\/p>\n<\/div>\n<\/div>\n<\/div>\n<\/div>\n<ul>\n<li><strong>Dimentions :\u00a0<\/strong>141 \/ 45 \/ 20<\/li>\n<li><strong>couleurs :\u00a0<\/strong>blanc , ch\u00e8ne , Noyer<\/li>\n<li><strong>Mati\u00e8re :\u00a0<\/strong>MDF<\/li>\n<\/ul>\n","protected":false},"excerpt":{"rendered":"<p>Cette biblioth\u00e8que en MDF, en forme d\u2019arbre, est id\u00e9ale pour ranger livres et objets. Compacte et d\u00e9corative, elle s\u2019int\u00e8gre facilement dans tout espace. Durable et facile \u00e0 assembler, elle apporte une touche originale \u00e0 votre int\u00e9rieur. Dimentions :\u00a0141 \/ 45 \/ 20 couleurs :\u00a0blanc , ch\u00e8ne , Noyer Mati\u00e8re :\u00a0MDF<\/p>\n","protected":false},"featured_media":12811,"comment_status":"open","ping_status":"closed","template":"","meta":[],"product_cat":[113,48],"product_tag":[],"class_list":{"0":"post-12295","1":"product","2":"type-product","3":"status-publish","4":"has-post-thumbnail","6":"product_cat-minibiblio","7":"product_cat-zone-de-travail","9":"first","10":"instock","11":"sale","12":"shipping-taxable","13":"purchasable","14":"product-type-simple"},"jetpack_sharing_enabled":true,"_links":{"self":[{"href":"https:\/\/darstore.net\/index.php?rest_route=\/wp\/v2\/product\/12295","targetHints":{"allow":["GET"]}}],"collection":[{"href":"https:\/\/darstore.net\/index.php?rest_route=\/wp\/v2\/product"}],"about":[{"href":"https:\/\/darstore.net\/index.php?rest_route=\/wp\/v2\/types\/product"}],"replies":[{"embeddable":true,"href":"https:\/\/darstore.net\/index.php?rest_route=%2Fwp%2Fv2%2Fcomments&post=12295"}],"wp:featuredmedia":[{"embeddable":true,"href":"https:\/\/darstore.net\/index.php?rest_route=\/wp\/v2\/media\/12811"}],"wp:attachment":[{"href":"https:\/\/darstore.net\/index.php?rest_route=%2Fwp%2Fv2%2Fmedia&parent=12295"}],"wp:term":[{"taxonomy":"product_cat","embeddable":true,"href":"https:\/\/darstore.net\/index.php?rest_route=%2Fwp%2Fv2%2Fproduct_cat&post=12295"},{"taxonomy":"product_tag","embeddable":true,"href":"https:\/\/darstore.net\/index.php?rest_route=%2Fwp%2Fv2%2Fproduct_tag&post=12295"}],"curies":[{"name":"wp","href":"https:\/\/api.w.org\/{rel}","templated":true}]}}