{"id":12292,"date":"2024-12-11T12:26:34","date_gmt":"2024-12-11T11:26:34","guid":{"rendered":"https:\/\/darstore.net\/?post_type=product&#038;p=12292"},"modified":"2026-03-30T16:29:33","modified_gmt":"2026-03-30T15:29:33","slug":"coiffeuse-de-maquillage-mirroire-circulaire","status":"publish","type":"product","link":"https:\/\/darstore.net\/?product=coiffeuse-de-maquillage-mirroire-circulaire","title":{"rendered":"Coiffeuse \u00e0 quatre tiroires"},"content":{"rendered":"<div class=\"flex max-w-full flex-col flex-grow\">\n<div class=\"min-h-8 text-message flex w-full flex-col items-end gap-2 whitespace-normal break-words text-start [.text-message+&]:mt-5\" dir=\"auto\" data-message-author-role=\"assistant\" data-message-id=\"424f997d-996c-4568-bc2c-f963d477472a\" data-message-model-slug=\"gpt-4o\">\n<div class=\"flex w-full flex-col gap-1 empty:hidden first:pt-[3px]\">\n<div class=\"markdown prose w-full break-words dark:prose-invert light\">\n<p>Cette coiffeuse en MDF allie design moderne et praticit\u00e9. Son miroir circulaire et ses \u00e9tag\u00e8res int\u00e9gr\u00e9es offrent un espace id\u00e9al pour organiser vos produits de beaut\u00e9 avec \u00e9l\u00e9gance.<\/p>\n<\/div>\n<\/div>\n<\/div>\n<\/div>\n<ul>\n<li><strong>Dimentions :\u00a0<\/strong>90 \/ 40 \/ 80<\/li>\n<li><strong>couleurs :\u00a0<\/strong>ch\u00e8ne , Blanc , Noyer<\/li>\n<li><strong>Mati\u00e8re :\u00a0<\/strong>MDF<\/li>\n<\/ul>\n","protected":false},"excerpt":{"rendered":"<p>Cette coiffeuse en MDF allie design moderne et praticit\u00e9. Son miroir circulaire et ses \u00e9tag\u00e8res int\u00e9gr\u00e9es offrent un espace id\u00e9al pour organiser vos produits de beaut\u00e9 avec \u00e9l\u00e9gance. Dimentions :\u00a090 \/ 40 \/ 80 couleurs :\u00a0ch\u00e8ne , Blanc , Noyer Mati\u00e8re :\u00a0MDF<\/p>\n","protected":false},"featured_media":12705,"comment_status":"open","ping_status":"closed","template":"","meta":[],"product_cat":[32,45],"product_tag":[],"class_list":{"0":"post-12292","1":"product","2":"type-product","3":"status-publish","4":"has-post-thumbnail","6":"product_cat-chambre-a-coucher","7":"product_cat-dressers-chests","9":"first","10":"outofstock","11":"sale","12":"shipping-taxable","13":"purchasable","14":"product-type-simple"},"jetpack_sharing_enabled":true,"_links":{"self":[{"href":"https:\/\/darstore.net\/index.php?rest_route=\/wp\/v2\/product\/12292","targetHints":{"allow":["GET"]}}],"collection":[{"href":"https:\/\/darstore.net\/index.php?rest_route=\/wp\/v2\/product"}],"about":[{"href":"https:\/\/darstore.net\/index.php?rest_route=\/wp\/v2\/types\/product"}],"replies":[{"embeddable":true,"href":"https:\/\/darstore.net\/index.php?rest_route=%2Fwp%2Fv2%2Fcomments&post=12292"}],"wp:featuredmedia":[{"embeddable":true,"href":"https:\/\/darstore.net\/index.php?rest_route=\/wp\/v2\/media\/12705"}],"wp:attachment":[{"href":"https:\/\/darstore.net\/index.php?rest_route=%2Fwp%2Fv2%2Fmedia&parent=12292"}],"wp:term":[{"taxonomy":"product_cat","embeddable":true,"href":"https:\/\/darstore.net\/index.php?rest_route=%2Fwp%2Fv2%2Fproduct_cat&post=12292"},{"taxonomy":"product_tag","embeddable":true,"href":"https:\/\/darstore.net\/index.php?rest_route=%2Fwp%2Fv2%2Fproduct_tag&post=12292"}],"curies":[{"name":"wp","href":"https:\/\/api.w.org\/{rel}","templated":true}]}}