{"id":12289,"date":"2024-12-10T16:57:44","date_gmt":"2024-12-10T15:57:44","guid":{"rendered":"https:\/\/darstore.net\/?post_type=product&#038;p=12289"},"modified":"2025-12-13T17:29:04","modified_gmt":"2025-12-13T16:29:04","slug":"mirroire-avec-etageres","status":"publish","type":"product","link":"https:\/\/darstore.net\/?product=mirroire-avec-etageres","title":{"rendered":"Miroir s\u00e9jour avec rangement"},"content":{"rendered":"<p>Apportez style et praticit\u00e9 \u00e0 votre int\u00e9rieur avec ce miroir multifonctionnel en MDF. Il comprend des \u00e9tag\u00e8res pour le rangement, un suspendur pour vos v\u00eatements et des roues pour un d\u00e9placement facile. Id\u00e9al pour organiser votre espace avec \u00e9l\u00e9gance et efficacit\u00e9.<\/p>\n<ul>\n<li><strong>Dimentions :\u00a0<\/strong>185 \/ 45<\/li>\n<li><strong>couleurs :\u00a0<\/strong>Noyer , Blanc , Noir , ch\u00e8ne<\/li>\n<li><strong>Mati\u00e8re :\u00a0<\/strong>MDF<\/li>\n<\/ul>\n","protected":false},"excerpt":{"rendered":"<p>Apportez style et praticit\u00e9 \u00e0 votre int\u00e9rieur avec ce miroir multifonctionnel en MDF. Il comprend des \u00e9tag\u00e8res pour le rangement, un suspendur pour vos v\u00eatements et des roues pour un d\u00e9placement facile. Id\u00e9al pour organiser votre espace avec \u00e9l\u00e9gance et efficacit\u00e9. Dimentions :\u00a0185 \/ 45 couleurs :\u00a0Noyer , Blanc , Noir , ch\u00e8ne Mati\u00e8re :\u00a0MDF<\/p>\n","protected":false},"featured_media":12761,"comment_status":"open","ping_status":"closed","template":"","meta":[],"product_cat":[114,54],"product_tag":[],"class_list":{"0":"post-12289","1":"product","2":"type-product","3":"status-publish","4":"has-post-thumbnail","6":"product_cat-mirroire","7":"product_cat-salle-de-sejour","9":"first","10":"instock","11":"sale","12":"shipping-taxable","13":"purchasable","14":"product-type-simple"},"jetpack_sharing_enabled":true,"_links":{"self":[{"href":"https:\/\/darstore.net\/index.php?rest_route=\/wp\/v2\/product\/12289","targetHints":{"allow":["GET"]}}],"collection":[{"href":"https:\/\/darstore.net\/index.php?rest_route=\/wp\/v2\/product"}],"about":[{"href":"https:\/\/darstore.net\/index.php?rest_route=\/wp\/v2\/types\/product"}],"replies":[{"embeddable":true,"href":"https:\/\/darstore.net\/index.php?rest_route=%2Fwp%2Fv2%2Fcomments&post=12289"}],"wp:featuredmedia":[{"embeddable":true,"href":"https:\/\/darstore.net\/index.php?rest_route=\/wp\/v2\/media\/12761"}],"wp:attachment":[{"href":"https:\/\/darstore.net\/index.php?rest_route=%2Fwp%2Fv2%2Fmedia&parent=12289"}],"wp:term":[{"taxonomy":"product_cat","embeddable":true,"href":"https:\/\/darstore.net\/index.php?rest_route=%2Fwp%2Fv2%2Fproduct_cat&post=12289"},{"taxonomy":"product_tag","embeddable":true,"href":"https:\/\/darstore.net\/index.php?rest_route=%2Fwp%2Fv2%2Fproduct_tag&post=12289"}],"curies":[{"name":"wp","href":"https:\/\/api.w.org\/{rel}","templated":true}]}}