{"id":12286,"date":"2024-12-10T12:53:35","date_gmt":"2024-12-10T11:53:35","guid":{"rendered":"https:\/\/darstore.net\/?post_type=product&#038;p=12286"},"modified":"2025-12-15T14:21:45","modified_gmt":"2025-12-15T13:21:45","slug":"mini-bibliotheque","status":"publish","type":"product","link":"https:\/\/darstore.net\/?product=mini-bibliotheque","title":{"rendered":"Mini-biblioth\u00e8que design d\u00e9coratif"},"content":{"rendered":"<p>Ajoutez du style et du rangement \u00e0 votre espace avec cette minibiblioth\u00e8que en MDF. Compacte et \u00e9l\u00e9gante, elle offre des \u00e9tag\u00e8res pratiques pour organiser vos livres, d\u00e9corations et objets personnels, tout en s\u2019int\u00e9grant harmonieusement \u00e0 votre int\u00e9rieur.<\/p>\n<ul>\n<li><strong>Dimentions :\u00a0<\/strong>75 \/ 75 \/ 50<\/li>\n<li><strong>couleurs :\u00a0<\/strong>blanc , ch\u00e8ne , Noyer<\/li>\n<li><strong>Mati\u00e8re :\u00a0<\/strong>MDF<\/li>\n<\/ul>\n","protected":false},"excerpt":{"rendered":"<p>Ajoutez du style et du rangement \u00e0 votre espace avec cette minibiblioth\u00e8que en MDF. Compacte et \u00e9l\u00e9gante, elle offre des \u00e9tag\u00e8res pratiques pour organiser vos livres, d\u00e9corations et objets personnels, tout en s\u2019int\u00e9grant harmonieusement \u00e0 votre int\u00e9rieur. Dimentions :\u00a075 \/ 75 \/ 50 couleurs :\u00a0blanc , ch\u00e8ne , Noyer Mati\u00e8re :\u00a0MDF<\/p>\n","protected":false},"featured_media":12288,"comment_status":"open","ping_status":"closed","template":"","meta":[],"product_cat":[113,48],"product_tag":[],"class_list":{"0":"post-12286","1":"product","2":"type-product","3":"status-publish","4":"has-post-thumbnail","6":"product_cat-minibiblio","7":"product_cat-zone-de-travail","9":"first","10":"instock","11":"sale","12":"shipping-taxable","13":"purchasable","14":"product-type-simple"},"jetpack_sharing_enabled":true,"_links":{"self":[{"href":"https:\/\/darstore.net\/index.php?rest_route=\/wp\/v2\/product\/12286","targetHints":{"allow":["GET"]}}],"collection":[{"href":"https:\/\/darstore.net\/index.php?rest_route=\/wp\/v2\/product"}],"about":[{"href":"https:\/\/darstore.net\/index.php?rest_route=\/wp\/v2\/types\/product"}],"replies":[{"embeddable":true,"href":"https:\/\/darstore.net\/index.php?rest_route=%2Fwp%2Fv2%2Fcomments&post=12286"}],"wp:featuredmedia":[{"embeddable":true,"href":"https:\/\/darstore.net\/index.php?rest_route=\/wp\/v2\/media\/12288"}],"wp:attachment":[{"href":"https:\/\/darstore.net\/index.php?rest_route=%2Fwp%2Fv2%2Fmedia&parent=12286"}],"wp:term":[{"taxonomy":"product_cat","embeddable":true,"href":"https:\/\/darstore.net\/index.php?rest_route=%2Fwp%2Fv2%2Fproduct_cat&post=12286"},{"taxonomy":"product_tag","embeddable":true,"href":"https:\/\/darstore.net\/index.php?rest_route=%2Fwp%2Fv2%2Fproduct_tag&post=12286"}],"curies":[{"name":"wp","href":"https:\/\/api.w.org\/{rel}","templated":true}]}}