{"id":12285,"date":"2024-12-10T12:10:17","date_gmt":"2024-12-10T11:10:17","guid":{"rendered":"https:\/\/darstore.net\/?post_type=product&#038;p=12285"},"modified":"2025-12-15T13:16:07","modified_gmt":"2025-12-15T12:16:07","slug":"plc-de-chaussures-sonoma-blanc","status":"publish","type":"product","link":"https:\/\/darstore.net\/?product=plc-de-chaussures-sonoma-blanc","title":{"rendered":"Placard chaussures, \u00e9tag\u00e8res lat\u00e9rales"},"content":{"rendered":"<p>Organisez votre espace avec style gr\u00e2ce \u00e0 ce placard \u00e0 chaussures dot\u00e9 d\u2019un m\u00e9canisme pratique et d\u2019une petite biblioth\u00e8que int\u00e9gr\u00e9e. Fabriqu\u00e9 en MDF de haute qualit\u00e9, il combine rangement fonctionnel et design moderne. Rangez vos chaussures en toute simplicit\u00e9 tout en exposant vos livres et objets d\u00e9coratifs pour un int\u00e9rieur \u00e9l\u00e9gant et ordonn\u00e9.<\/p>\n<ul>\n<li><strong>Dimentions :<\/strong> 130 \/ 90 \/ 32<\/li>\n<li><strong>couleurs :\u00a0<\/strong>Blanc , Ch\u00e8ne , Noyer<\/li>\n<li><strong>Mati\u00e8re :\u00a0<\/strong>MDF<\/li>\n<\/ul>\n","protected":false},"excerpt":{"rendered":"<p>Organisez votre espace avec style gr\u00e2ce \u00e0 ce placard \u00e0 chaussures dot\u00e9 d\u2019un m\u00e9canisme pratique et d\u2019une petite biblioth\u00e8que int\u00e9gr\u00e9e. Fabriqu\u00e9 en MDF de haute qualit\u00e9, il combine rangement fonctionnel et design moderne. Rangez vos chaussures en toute simplicit\u00e9 tout en exposant vos livres et objets d\u00e9coratifs pour un int\u00e9rieur \u00e9l\u00e9gant et ordonn\u00e9. Dimentions : [&hellip;]<\/p>\n","protected":false},"featured_media":12775,"comment_status":"open","ping_status":"closed","template":"","meta":[],"product_cat":[53,105],"product_tag":[],"class_list":{"0":"post-12285","1":"product","2":"type-product","3":"status-publish","4":"has-post-thumbnail","6":"product_cat-cuisine","7":"product_cat-placard-de-chaussures","9":"first","10":"instock","11":"sale","12":"shipping-taxable","13":"purchasable","14":"product-type-simple"},"jetpack_sharing_enabled":true,"_links":{"self":[{"href":"https:\/\/darstore.net\/index.php?rest_route=\/wp\/v2\/product\/12285","targetHints":{"allow":["GET"]}}],"collection":[{"href":"https:\/\/darstore.net\/index.php?rest_route=\/wp\/v2\/product"}],"about":[{"href":"https:\/\/darstore.net\/index.php?rest_route=\/wp\/v2\/types\/product"}],"replies":[{"embeddable":true,"href":"https:\/\/darstore.net\/index.php?rest_route=%2Fwp%2Fv2%2Fcomments&post=12285"}],"wp:featuredmedia":[{"embeddable":true,"href":"https:\/\/darstore.net\/index.php?rest_route=\/wp\/v2\/media\/12775"}],"wp:attachment":[{"href":"https:\/\/darstore.net\/index.php?rest_route=%2Fwp%2Fv2%2Fmedia&parent=12285"}],"wp:term":[{"taxonomy":"product_cat","embeddable":true,"href":"https:\/\/darstore.net\/index.php?rest_route=%2Fwp%2Fv2%2Fproduct_cat&post=12285"},{"taxonomy":"product_tag","embeddable":true,"href":"https:\/\/darstore.net\/index.php?rest_route=%2Fwp%2Fv2%2Fproduct_tag&post=12285"}],"curies":[{"name":"wp","href":"https:\/\/api.w.org\/{rel}","templated":true}]}}