{"id":12210,"date":"2024-12-07T12:52:10","date_gmt":"2024-12-07T11:52:10","guid":{"rendered":"https:\/\/darstore.net\/?post_type=product&#038;p=12210"},"modified":"2026-03-30T16:30:13","modified_gmt":"2026-03-30T15:30:13","slug":"bibliobureau","status":"publish","type":"product","link":"https:\/\/darstore.net\/?product=bibliobureau","title":{"rendered":"BiblioBureau"},"content":{"rendered":"<p>Ce bibliobureau en MDF allie praticit\u00e9 et style moderne. Con\u00e7u pour offrir \u00e0 la fois un espace de rangement pour vos livres et un bureau fonctionnel, il optimise votre espace tout en apportant une touche \u00e9l\u00e9gante \u00e0 votre int\u00e9rieur. Fabriqu\u00e9 en MDF, il est \u00e0 la fois robuste et facile \u00e0 entretenir, id\u00e9al pour un usage quotidien dans un environnement de travail ou de lecture.<\/p>\n<ul>\n<li><strong>Dimentions :<\/strong> 120 \/ 60 \/ 76<\/li>\n<li><strong>couleurs :\u00a0<\/strong>blanc , ch\u00e8ne<\/li>\n<li><strong>Mati\u00e8re :\u00a0<\/strong>MDF<\/li>\n<\/ul>\n","protected":false},"excerpt":{"rendered":"<p>Ce bibliobureau en MDF allie praticit\u00e9 et style moderne. Con\u00e7u pour offrir \u00e0 la fois un espace de rangement pour vos livres et un bureau fonctionnel, il optimise votre espace tout en apportant une touche \u00e9l\u00e9gante \u00e0 votre int\u00e9rieur. Fabriqu\u00e9 en MDF, il est \u00e0 la fois robuste et facile \u00e0 entretenir, id\u00e9al pour un [&hellip;]<\/p>\n","protected":false},"featured_media":12211,"comment_status":"open","ping_status":"closed","template":"","meta":[],"product_cat":[119,48],"product_tag":[],"class_list":{"0":"post-12210","1":"product","2":"type-product","3":"status-publish","4":"has-post-thumbnail","6":"product_cat-bureaux","7":"product_cat-zone-de-travail","9":"first","10":"outofstock","11":"sale","12":"shipping-taxable","13":"purchasable","14":"product-type-simple"},"jetpack_sharing_enabled":true,"_links":{"self":[{"href":"https:\/\/darstore.net\/index.php?rest_route=\/wp\/v2\/product\/12210","targetHints":{"allow":["GET"]}}],"collection":[{"href":"https:\/\/darstore.net\/index.php?rest_route=\/wp\/v2\/product"}],"about":[{"href":"https:\/\/darstore.net\/index.php?rest_route=\/wp\/v2\/types\/product"}],"replies":[{"embeddable":true,"href":"https:\/\/darstore.net\/index.php?rest_route=%2Fwp%2Fv2%2Fcomments&post=12210"}],"wp:featuredmedia":[{"embeddable":true,"href":"https:\/\/darstore.net\/index.php?rest_route=\/wp\/v2\/media\/12211"}],"wp:attachment":[{"href":"https:\/\/darstore.net\/index.php?rest_route=%2Fwp%2Fv2%2Fmedia&parent=12210"}],"wp:term":[{"taxonomy":"product_cat","embeddable":true,"href":"https:\/\/darstore.net\/index.php?rest_route=%2Fwp%2Fv2%2Fproduct_cat&post=12210"},{"taxonomy":"product_tag","embeddable":true,"href":"https:\/\/darstore.net\/index.php?rest_route=%2Fwp%2Fv2%2Fproduct_tag&post=12210"}],"curies":[{"name":"wp","href":"https:\/\/api.w.org\/{rel}","templated":true}]}}