{"id":12198,"date":"2024-12-06T18:57:22","date_gmt":"2024-12-06T17:57:22","guid":{"rendered":"https:\/\/darstore.net\/?post_type=product&#038;p=12198"},"modified":"2026-03-30T16:31:03","modified_gmt":"2026-03-30T15:31:03","slug":"table-base-ronde","status":"publish","type":"product","link":"https:\/\/darstore.net\/?product=table-base-ronde","title":{"rendered":"Table Base ronde"},"content":{"rendered":"<p>Cette table ronde en MDF, disponible dans diff\u00e9rentes couleurs, combine modernit\u00e9 et praticit\u00e9. Robuste et facile \u00e0 entretenir, elle s\u2019adapte \u00e0 tous les styles d\u2019int\u00e9rieur, ajoutant une touche d\u2019\u00e9l\u00e9gance \u00e0 votre espace.<\/p>\n<ul>\n<li><strong>Dimentions :<\/strong> 66 \/ 55 \/ 60<\/li>\n<li><strong>couleurs :\u00a0<\/strong>Blanc , Ch\u00e8ne , Noir , Noyer<\/li>\n<li><strong>Mati\u00e8re :\u00a0<\/strong>MDF<\/li>\n<\/ul>\n","protected":false},"excerpt":{"rendered":"<p>Cette table ronde en MDF, disponible dans diff\u00e9rentes couleurs, combine modernit\u00e9 et praticit\u00e9. Robuste et facile \u00e0 entretenir, elle s\u2019adapte \u00e0 tous les styles d\u2019int\u00e9rieur, ajoutant une touche d\u2019\u00e9l\u00e9gance \u00e0 votre espace. Dimentions : 66 \/ 55 \/ 60 couleurs :\u00a0Blanc , Ch\u00e8ne , Noir , Noyer Mati\u00e8re :\u00a0MDF<\/p>\n","protected":false},"featured_media":12202,"comment_status":"open","ping_status":"closed","template":"","meta":[],"product_cat":[54,64],"product_tag":[],"class_list":{"0":"post-12198","1":"product","2":"type-product","3":"status-publish","4":"has-post-thumbnail","6":"product_cat-salle-de-sejour","7":"product_cat-table-base","9":"first","10":"instock","11":"sale","12":"shipping-taxable","13":"purchasable","14":"product-type-simple"},"jetpack_sharing_enabled":true,"_links":{"self":[{"href":"https:\/\/darstore.net\/index.php?rest_route=\/wp\/v2\/product\/12198","targetHints":{"allow":["GET"]}}],"collection":[{"href":"https:\/\/darstore.net\/index.php?rest_route=\/wp\/v2\/product"}],"about":[{"href":"https:\/\/darstore.net\/index.php?rest_route=\/wp\/v2\/types\/product"}],"replies":[{"embeddable":true,"href":"https:\/\/darstore.net\/index.php?rest_route=%2Fwp%2Fv2%2Fcomments&post=12198"}],"wp:featuredmedia":[{"embeddable":true,"href":"https:\/\/darstore.net\/index.php?rest_route=\/wp\/v2\/media\/12202"}],"wp:attachment":[{"href":"https:\/\/darstore.net\/index.php?rest_route=%2Fwp%2Fv2%2Fmedia&parent=12198"}],"wp:term":[{"taxonomy":"product_cat","embeddable":true,"href":"https:\/\/darstore.net\/index.php?rest_route=%2Fwp%2Fv2%2Fproduct_cat&post=12198"},{"taxonomy":"product_tag","embeddable":true,"href":"https:\/\/darstore.net\/index.php?rest_route=%2Fwp%2Fv2%2Fproduct_tag&post=12198"}],"curies":[{"name":"wp","href":"https:\/\/api.w.org\/{rel}","templated":true}]}}