{"id":12170,"date":"2024-11-25T10:56:30","date_gmt":"2024-11-25T09:56:30","guid":{"rendered":"https:\/\/darstore.net\/?post_type=product&#038;p=12170"},"modified":"2025-12-15T14:07:38","modified_gmt":"2025-12-15T13:07:38","slug":"bureau-sonoma-blanc","status":"publish","type":"product","link":"https:\/\/darstore.net\/?product=bureau-sonoma-blanc","title":{"rendered":"Bureau simple, 1 porte et 1 tiroir"},"content":{"rendered":"<p>Ce bureau en MDF, dot\u00e9 d\u2019une porte et de tiroirs, allie fonctionnalit\u00e9 et design moderne. La porte et les tiroirs offrent un espace de rangement pratique pour organiser vos affaires, tandis que la finition soign\u00e9e du MDF assure solidit\u00e9 et durabilit\u00e9. Un meuble \u00e9l\u00e9gant et fonctionnel pour am\u00e9nager votre espace de travail avec style.<\/p>\n<ul>\n<li><strong>Dimentions :\u00a0<\/strong>100 \/ 50 \/ 76<\/li>\n<li><strong>couleurs :\u00a0<\/strong>blanc , ch\u00e8ne<\/li>\n<li><strong>Mati\u00e8re :\u00a0<\/strong>MDF<\/li>\n<\/ul>\n","protected":false},"excerpt":{"rendered":"<p>Ce bureau en MDF, dot\u00e9 d\u2019une porte et de tiroirs, allie fonctionnalit\u00e9 et design moderne. La porte et les tiroirs offrent un espace de rangement pratique pour organiser vos affaires, tandis que la finition soign\u00e9e du MDF assure solidit\u00e9 et durabilit\u00e9. Un meuble \u00e9l\u00e9gant et fonctionnel pour am\u00e9nager votre espace de travail avec style. Dimentions [&hellip;]<\/p>\n","protected":false},"featured_media":12799,"comment_status":"open","ping_status":"closed","template":"","meta":[],"product_cat":[119,48],"product_tag":[],"class_list":{"0":"post-12170","1":"product","2":"type-product","3":"status-publish","4":"has-post-thumbnail","6":"product_cat-bureaux","7":"product_cat-zone-de-travail","9":"first","10":"instock","11":"sale","12":"shipping-taxable","13":"purchasable","14":"product-type-simple"},"jetpack_sharing_enabled":true,"_links":{"self":[{"href":"https:\/\/darstore.net\/index.php?rest_route=\/wp\/v2\/product\/12170","targetHints":{"allow":["GET"]}}],"collection":[{"href":"https:\/\/darstore.net\/index.php?rest_route=\/wp\/v2\/product"}],"about":[{"href":"https:\/\/darstore.net\/index.php?rest_route=\/wp\/v2\/types\/product"}],"replies":[{"embeddable":true,"href":"https:\/\/darstore.net\/index.php?rest_route=%2Fwp%2Fv2%2Fcomments&post=12170"}],"wp:featuredmedia":[{"embeddable":true,"href":"https:\/\/darstore.net\/index.php?rest_route=\/wp\/v2\/media\/12799"}],"wp:attachment":[{"href":"https:\/\/darstore.net\/index.php?rest_route=%2Fwp%2Fv2%2Fmedia&parent=12170"}],"wp:term":[{"taxonomy":"product_cat","embeddable":true,"href":"https:\/\/darstore.net\/index.php?rest_route=%2Fwp%2Fv2%2Fproduct_cat&post=12170"},{"taxonomy":"product_tag","embeddable":true,"href":"https:\/\/darstore.net\/index.php?rest_route=%2Fwp%2Fv2%2Fproduct_tag&post=12170"}],"curies":[{"name":"wp","href":"https:\/\/api.w.org\/{rel}","templated":true}]}}