{"id":12167,"date":"2024-11-25T10:49:13","date_gmt":"2024-11-25T09:49:13","guid":{"rendered":"https:\/\/darstore.net\/?post_type=product&#038;p=12167"},"modified":"2026-03-30T16:32:31","modified_gmt":"2026-03-30T15:32:31","slug":"commode-a-tiroire-verticale","status":"publish","type":"product","link":"https:\/\/darstore.net\/?product=commode-a-tiroire-verticale","title":{"rendered":"Coiffeuse avec tiroir vertical"},"content":{"rendered":"<p>Cette coiffeuse de maquillage en MDF, avec tiroirs verticaux et miroir coulissant, allie praticit\u00e9 et design raffin\u00e9. Les tiroirs verticaux offrent un rangement optimis\u00e9 pour vos produits de beaut\u00e9, tandis que le miroir coulissant ajoute une touche de modernit\u00e9 et de confort. Un meuble \u00e9l\u00e9gant et fonctionnel pour organiser votre espace de maquillage avec style.<\/p>\n<ul>\n<li><strong>Dimentions :<\/strong> 80 \/ 40 \/ 80<\/li>\n<li><strong>couleurs :\u00a0<\/strong>blanc , ch\u00e8ne<\/li>\n<li><strong>Mati\u00e8re :\u00a0<\/strong>MDF<\/li>\n<\/ul>\n","protected":false},"excerpt":{"rendered":"<p>Cette coiffeuse de maquillage en MDF, avec tiroirs verticaux et miroir coulissant, allie praticit\u00e9 et design raffin\u00e9. Les tiroirs verticaux offrent un rangement optimis\u00e9 pour vos produits de beaut\u00e9, tandis que le miroir coulissant ajoute une touche de modernit\u00e9 et de confort. Un meuble \u00e9l\u00e9gant et fonctionnel pour organiser votre espace de maquillage avec style. [&hellip;]<\/p>\n","protected":false},"featured_media":12168,"comment_status":"open","ping_status":"closed","template":"","meta":[],"product_cat":[32,45],"product_tag":[],"class_list":{"0":"post-12167","1":"product","2":"type-product","3":"status-publish","4":"has-post-thumbnail","6":"product_cat-chambre-a-coucher","7":"product_cat-dressers-chests","9":"first","10":"outofstock","11":"sale","12":"shipping-taxable","13":"purchasable","14":"product-type-simple"},"jetpack_sharing_enabled":true,"_links":{"self":[{"href":"https:\/\/darstore.net\/index.php?rest_route=\/wp\/v2\/product\/12167","targetHints":{"allow":["GET"]}}],"collection":[{"href":"https:\/\/darstore.net\/index.php?rest_route=\/wp\/v2\/product"}],"about":[{"href":"https:\/\/darstore.net\/index.php?rest_route=\/wp\/v2\/types\/product"}],"replies":[{"embeddable":true,"href":"https:\/\/darstore.net\/index.php?rest_route=%2Fwp%2Fv2%2Fcomments&post=12167"}],"wp:featuredmedia":[{"embeddable":true,"href":"https:\/\/darstore.net\/index.php?rest_route=\/wp\/v2\/media\/12168"}],"wp:attachment":[{"href":"https:\/\/darstore.net\/index.php?rest_route=%2Fwp%2Fv2%2Fmedia&parent=12167"}],"wp:term":[{"taxonomy":"product_cat","embeddable":true,"href":"https:\/\/darstore.net\/index.php?rest_route=%2Fwp%2Fv2%2Fproduct_cat&post=12167"},{"taxonomy":"product_tag","embeddable":true,"href":"https:\/\/darstore.net\/index.php?rest_route=%2Fwp%2Fv2%2Fproduct_tag&post=12167"}],"curies":[{"name":"wp","href":"https:\/\/api.w.org\/{rel}","templated":true}]}}