{"id":12147,"date":"2024-11-23T12:22:49","date_gmt":"2024-11-23T11:22:49","guid":{"rendered":"https:\/\/darstore.net\/?post_type=product&#038;p=12147"},"modified":"2025-12-15T14:28:46","modified_gmt":"2025-12-15T13:28:46","slug":"table-de-nuit","status":"publish","type":"product","link":"https:\/\/darstore.net\/?product=table-de-nuit","title":{"rendered":"Table de Nuit"},"content":{"rendered":"<p>Cette table de nuit en MDF avec des pieds en bois combine style et fonctionnalit\u00e9. Son design contemporain, associ\u00e9 \u00e0 la solidit\u00e9 du MDF et la chaleur du bois, en fait un meuble \u00e0 la fois pratique et esth\u00e9tique pour votre chambre.<\/p>\n<ul>\n<li><strong>Dimentions :<\/strong> 40 \/ 38 \/ 35<\/li>\n<li><strong>couleurs :\u00a0<\/strong>blanc , ch\u00e8ne<\/li>\n<li><strong>Mati\u00e8re :\u00a0<\/strong>MDF<\/li>\n<\/ul>\n","protected":false},"excerpt":{"rendered":"<p>Cette table de nuit en MDF avec des pieds en bois combine style et fonctionnalit\u00e9. Son design contemporain, associ\u00e9 \u00e0 la solidit\u00e9 du MDF et la chaleur du bois, en fait un meuble \u00e0 la fois pratique et esth\u00e9tique pour votre chambre. Dimentions : 40 \/ 38 \/ 35 couleurs :\u00a0blanc , ch\u00e8ne Mati\u00e8re :\u00a0MDF<\/p>\n","protected":false},"featured_media":12726,"comment_status":"open","ping_status":"closed","template":"","meta":[],"product_cat":[32,111],"product_tag":[],"class_list":{"0":"post-12147","1":"product","2":"type-product","3":"status-publish","4":"has-post-thumbnail","6":"product_cat-chambre-a-coucher","7":"product_cat-table-de-nuit-chambre-a-coucher","9":"first","10":"instock","11":"sale","12":"shipping-taxable","13":"purchasable","14":"product-type-simple"},"jetpack_sharing_enabled":true,"_links":{"self":[{"href":"https:\/\/darstore.net\/index.php?rest_route=\/wp\/v2\/product\/12147","targetHints":{"allow":["GET"]}}],"collection":[{"href":"https:\/\/darstore.net\/index.php?rest_route=\/wp\/v2\/product"}],"about":[{"href":"https:\/\/darstore.net\/index.php?rest_route=\/wp\/v2\/types\/product"}],"replies":[{"embeddable":true,"href":"https:\/\/darstore.net\/index.php?rest_route=%2Fwp%2Fv2%2Fcomments&post=12147"}],"wp:featuredmedia":[{"embeddable":true,"href":"https:\/\/darstore.net\/index.php?rest_route=\/wp\/v2\/media\/12726"}],"wp:attachment":[{"href":"https:\/\/darstore.net\/index.php?rest_route=%2Fwp%2Fv2%2Fmedia&parent=12147"}],"wp:term":[{"taxonomy":"product_cat","embeddable":true,"href":"https:\/\/darstore.net\/index.php?rest_route=%2Fwp%2Fv2%2Fproduct_cat&post=12147"},{"taxonomy":"product_tag","embeddable":true,"href":"https:\/\/darstore.net\/index.php?rest_route=%2Fwp%2Fv2%2Fproduct_tag&post=12147"}],"curies":[{"name":"wp","href":"https:\/\/api.w.org\/{rel}","templated":true}]}}