{"id":12146,"date":"2024-11-23T12:05:15","date_gmt":"2024-11-23T11:05:15","guid":{"rendered":"https:\/\/darstore.net\/?post_type=product&#038;p=12146"},"modified":"2025-12-13T11:37:31","modified_gmt":"2025-12-13T10:37:31","slug":"12146","status":"publish","type":"product","link":"https:\/\/darstore.net\/?product=12146","title":{"rendered":"Coiffeuse avec miroir \u00e0 m\u00e9canisme"},"content":{"rendered":"<p>Cette commode \u00e0 2 tiroirs avec miroir et m\u00e9canisme, fabriqu\u00e9e en MDF, combine praticit\u00e9 et design. Les tiroirs offrent un rangement efficace, tandis que le miroir int\u00e9gr\u00e9 et son m\u00e9canisme ajoutent une touche de modernit\u00e9 et de fonctionnalit\u00e9 \u00e0 votre espace. Le MDF assure une structure solide et durable.<\/p>\n<ul>\n<li><strong>Dimentions :<\/strong> 100 \/ 40 \/ 80<\/li>\n<li><strong>couleurs :\u00a0<\/strong>blanc , ch\u00e8ne , Noyer<\/li>\n<li><strong>Mati\u00e8re :\u00a0<\/strong>MDF<\/li>\n<\/ul>\n","protected":false},"excerpt":{"rendered":"<p>Cette commode \u00e0 2 tiroirs avec miroir et m\u00e9canisme, fabriqu\u00e9e en MDF, combine praticit\u00e9 et design. Les tiroirs offrent un rangement efficace, tandis que le miroir int\u00e9gr\u00e9 et son m\u00e9canisme ajoutent une touche de modernit\u00e9 et de fonctionnalit\u00e9 \u00e0 votre espace. Le MDF assure une structure solide et durable. Dimentions : 100 \/ 40 \/ [&hellip;]<\/p>\n","protected":false},"featured_media":12000,"comment_status":"open","ping_status":"closed","template":"","meta":[],"product_cat":[32,45],"product_tag":[],"class_list":{"0":"post-12146","1":"product","2":"type-product","3":"status-publish","4":"has-post-thumbnail","6":"product_cat-chambre-a-coucher","7":"product_cat-dressers-chests","9":"first","10":"instock","11":"sale","12":"shipping-taxable","13":"purchasable","14":"product-type-simple"},"jetpack_sharing_enabled":true,"_links":{"self":[{"href":"https:\/\/darstore.net\/index.php?rest_route=\/wp\/v2\/product\/12146","targetHints":{"allow":["GET"]}}],"collection":[{"href":"https:\/\/darstore.net\/index.php?rest_route=\/wp\/v2\/product"}],"about":[{"href":"https:\/\/darstore.net\/index.php?rest_route=\/wp\/v2\/types\/product"}],"replies":[{"embeddable":true,"href":"https:\/\/darstore.net\/index.php?rest_route=%2Fwp%2Fv2%2Fcomments&post=12146"}],"wp:featuredmedia":[{"embeddable":true,"href":"https:\/\/darstore.net\/index.php?rest_route=\/wp\/v2\/media\/12000"}],"wp:attachment":[{"href":"https:\/\/darstore.net\/index.php?rest_route=%2Fwp%2Fv2%2Fmedia&parent=12146"}],"wp:term":[{"taxonomy":"product_cat","embeddable":true,"href":"https:\/\/darstore.net\/index.php?rest_route=%2Fwp%2Fv2%2Fproduct_cat&post=12146"},{"taxonomy":"product_tag","embeddable":true,"href":"https:\/\/darstore.net\/index.php?rest_route=%2Fwp%2Fv2%2Fproduct_tag&post=12146"}],"curies":[{"name":"wp","href":"https:\/\/api.w.org\/{rel}","templated":true}]}}