{"id":12138,"date":"2024-11-23T11:42:09","date_gmt":"2024-11-23T10:42:09","guid":{"rendered":"https:\/\/darstore.net\/?post_type=product&#038;p=12138"},"modified":"2024-11-23T13:47:17","modified_gmt":"2024-11-23T12:47:17","slug":"lit-2-places-en-brique","status":"publish","type":"product","link":"https:\/\/darstore.net\/?product=lit-2-places-en-brique","title":{"rendered":"Lit 2 places en Brique"},"content":{"rendered":"<p>Ce lit avec une t\u00eate de lit en briques MDF offre un design original et moderne. Les briques d\u00e9coratives ajoutent du caract\u00e8re, tandis que le MDF assure robustesse et long\u00e9vit\u00e9, faisant de ce lit un choix \u00e0 la fois esth\u00e9tique et pratique pour votre chambre.<\/p>\n<ul>\n<li><strong>Dimentions :<\/strong> 160 \/ 190\u00a0 et 140 \/ 190<\/li>\n<li><strong>couleurs : <\/strong>blanc , ch\u00e8ne<\/li>\n<li><strong>Mati\u00e8re : <\/strong>MDF<\/li>\n<\/ul>\n","protected":false},"excerpt":{"rendered":"<p>Ce lit avec une t\u00eate de lit en briques MDF offre un design original et moderne. Les briques d\u00e9coratives ajoutent du caract\u00e8re, tandis que le MDF assure robustesse et long\u00e9vit\u00e9, faisant de ce lit un choix \u00e0 la fois esth\u00e9tique et pratique pour votre chambre. Dimentions : 160 \/ 190\u00a0 et 140 \/ 190 couleurs [&hellip;]<\/p>\n","protected":false},"featured_media":12139,"comment_status":"open","ping_status":"closed","template":"","meta":[],"product_cat":[32,33],"product_tag":[],"class_list":{"0":"post-12138","1":"product","2":"type-product","3":"status-publish","4":"has-post-thumbnail","6":"product_cat-chambre-a-coucher","7":"product_cat-lits","9":"first","10":"instock","11":"sale","12":"shipping-taxable","13":"purchasable","14":"product-type-simple"},"jetpack_sharing_enabled":true,"_links":{"self":[{"href":"https:\/\/darstore.net\/index.php?rest_route=\/wp\/v2\/product\/12138","targetHints":{"allow":["GET"]}}],"collection":[{"href":"https:\/\/darstore.net\/index.php?rest_route=\/wp\/v2\/product"}],"about":[{"href":"https:\/\/darstore.net\/index.php?rest_route=\/wp\/v2\/types\/product"}],"replies":[{"embeddable":true,"href":"https:\/\/darstore.net\/index.php?rest_route=%2Fwp%2Fv2%2Fcomments&post=12138"}],"wp:featuredmedia":[{"embeddable":true,"href":"https:\/\/darstore.net\/index.php?rest_route=\/wp\/v2\/media\/12139"}],"wp:attachment":[{"href":"https:\/\/darstore.net\/index.php?rest_route=%2Fwp%2Fv2%2Fmedia&parent=12138"}],"wp:term":[{"taxonomy":"product_cat","embeddable":true,"href":"https:\/\/darstore.net\/index.php?rest_route=%2Fwp%2Fv2%2Fproduct_cat&post=12138"},{"taxonomy":"product_tag","embeddable":true,"href":"https:\/\/darstore.net\/index.php?rest_route=%2Fwp%2Fv2%2Fproduct_tag&post=12138"}],"curies":[{"name":"wp","href":"https:\/\/api.w.org\/{rel}","templated":true}]}}