{"id":7211,"date":"2021-01-04T04:16:40","date_gmt":"2021-01-04T04:16:40","guid":{"rendered":"https:\/\/demo4.drfuri.com\/razzi\/?page_id=7211"},"modified":"2025-01-15T11:55:25","modified_gmt":"2025-01-15T10:55:25","slug":"product-category","status":"publish","type":"page","link":"https:\/\/darstore.net\/?page_id=7211","title":{"rendered":"Product Category"},"content":{"rendered":"\t\t<div data-elementor-type=\"wp-page\" data-elementor-id=\"7211\" class=\"elementor elementor-7211\">\n\t\t\t\t<div class=\"elementor-element elementor-element-1dfcf74 e-flex e-con-boxed e-con e-parent\" data-id=\"1dfcf74\" data-element_type=\"container\" data-e-type=\"container\">\n\t\t\t\t\t<div class=\"e-con-inner\">\n\t\t\t\t<div class=\"elementor-element elementor-element-2f3da3f elementor-widget elementor-widget-razzi-product-tab-grid\" data-id=\"2f3da3f\" data-element_type=\"widget\" data-e-type=\"widget\" data-widget_type=\"razzi-product-tab-grid.default\">\n\t\t\t\t<div class=\"elementor-widget-container\">\n\t\t\t\t\t\t\t<div class=\"razzi-products-tabs razzi-products-tabs-grid razzi-tabs woocommerce\">\r\n\t\t\t<ul class=\"tabs-header tabs-nav tabs\"> <li><a href=\"#\" data-href=\"salle-de-sejour\" class=\"active\">Salle de s\u00e9jour<\/a><\/li> <li><a href=\"#\" data-href=\"chambre-a-coucher\" class=\"\">chambre \u00e0 coucher<\/a><\/li> <li><a href=\"#\" data-href=\"zone-de-travail\" class=\"\">Zone de travail<\/a><\/li> <li><a href=\"#\" data-href=\"cuisine\" class=\"\">Cuisine<\/a><\/li> <\/ul><div class=\"tabs-content\"><div class=\"tabs-panel tabs-salle-de-sejour tab-loaded active\" data-settings=\"{&quot;columns&quot;:4,&quot;products&quot;:&quot;recent&quot;,&quot;order&quot;:&quot;&quot;,&quot;orderby&quot;:&quot;&quot;,&quot;per_page&quot;:8,&quot;category&quot;:&quot;salle-de-sejour&quot;,&quot;paginate&quot;:true}\"> <ul class=\"products columns-4\">\n<li class=\"product type-product post-12859 status-publish first instock product_cat-salle-de-sejour product_cat-table-base has-post-thumbnail sale shipping-taxable purchasable product-type-simple\">\n\t<a href=\"https:\/\/darstore.net\/?product=table-base-rectangulaire-110-70\" class=\"woocommerce-LoopProduct-link woocommerce-loop-product__link\">\n\t<span class=\"onsale\">Promo\u00a0!<\/span>\n\t<img fetchpriority=\"high\" decoding=\"async\" width=\"570\" height=\"684\" src=\"https:\/\/darstore.net\/wp-content\/uploads\/2024\/11\/102-570x684.jpg\" class=\"attachment-woocommerce_thumbnail size-woocommerce_thumbnail\" alt=\"Table Base rectangulaire 110\/70\" srcset=\"https:\/\/darstore.net\/wp-content\/uploads\/2024\/11\/102-570x684.jpg 570w, https:\/\/darstore.net\/wp-content\/uploads\/2024\/11\/102-250x300.jpg 250w, https:\/\/darstore.net\/wp-content\/uploads\/2024\/11\/102-853x1024.jpg 853w, https:\/\/darstore.net\/wp-content\/uploads\/2024\/11\/102-768x922.jpg 768w, https:\/\/darstore.net\/wp-content\/uploads\/2024\/11\/102-600x720.jpg 600w, https:\/\/darstore.net\/wp-content\/uploads\/2024\/11\/102-130x156.jpg 130w, https:\/\/darstore.net\/wp-content\/uploads\/2024\/11\/102.jpg 1000w\" sizes=\"(max-width: 570px) 100vw, 570px\" \/><h2 class=\"woocommerce-loop-product__title\">Table Base rectangulaire 110\/70<\/h2>\n\t<span class=\"price\"><del aria-hidden=\"true\"><span class=\"woocommerce-Price-amount amount\"><bdi><span class=\"woocommerce-Price-currencySymbol\">\u062f.\u0645.<\/span>\u00a0800,00<\/bdi><\/span><\/del> <span class=\"screen-reader-text\">Le prix initial \u00e9tait\u00a0: \u062f.\u0645.\u00a0800,00.<\/span><ins aria-hidden=\"true\"><span class=\"woocommerce-Price-amount amount\"><bdi><span class=\"woocommerce-Price-currencySymbol\">\u062f.\u0645.<\/span>\u00a0750,00<\/bdi><\/span><\/ins><span class=\"screen-reader-text\">Le prix actuel est\u00a0: \u062f.\u0645.\u00a0750,00.<\/span><\/span>\n<\/a><a href=\"\/index.php?rest_route=%2Fwp%2Fv2%2Fpages%2F7211&add-to-cart=12859\" aria-describedby=\"woocommerce_loop_add_to_cart_link_describedby_12859\" data-quantity=\"1\" class=\"button product_type_simple add_to_cart_button ajax_add_to_cart\" data-product_id=\"12859\" data-product_sku=\"TB-RCT-3\" aria-label=\"Ajouter au panier\u00a0: \u201cTable Base rectangulaire 110\/70\u201d\" rel=\"nofollow\" data-success_message=\"\u00ab\u00a0Table Base rectangulaire 110\/70\u00a0\u00bb a \u00e9t\u00e9 ajout\u00e9 \u00e0 votre panier\" role=\"button\">Ajouter au panier<\/a>\t<span id=\"woocommerce_loop_add_to_cart_link_describedby_12859\" class=\"screen-reader-text\">\n\t\t\t<\/span>\n<\/li>\n<li class=\"product type-product post-12828 status-publish instock product_cat-salle-de-sejour product_cat-table-base has-post-thumbnail sale shipping-taxable purchasable product-type-simple\">\n\t<a href=\"https:\/\/darstore.net\/?product=table-de-sejour-ovale\" class=\"woocommerce-LoopProduct-link woocommerce-loop-product__link\">\n\t<span class=\"onsale\">Promo\u00a0!<\/span>\n\t<img decoding=\"async\" width=\"570\" height=\"684\" src=\"https:\/\/darstore.net\/wp-content\/uploads\/2026\/03\/125-570x684.jpg\" class=\"attachment-woocommerce_thumbnail size-woocommerce_thumbnail\" alt=\"Table de s\u00e9jour Ovale\" srcset=\"https:\/\/darstore.net\/wp-content\/uploads\/2026\/03\/125-570x684.jpg 570w, https:\/\/darstore.net\/wp-content\/uploads\/2026\/03\/125-250x300.jpg 250w, https:\/\/darstore.net\/wp-content\/uploads\/2026\/03\/125-853x1024.jpg 853w, https:\/\/darstore.net\/wp-content\/uploads\/2026\/03\/125-768x922.jpg 768w, https:\/\/darstore.net\/wp-content\/uploads\/2026\/03\/125-600x720.jpg 600w, https:\/\/darstore.net\/wp-content\/uploads\/2026\/03\/125-130x156.jpg 130w, https:\/\/darstore.net\/wp-content\/uploads\/2026\/03\/125.jpg 1000w\" sizes=\"(max-width: 570px) 100vw, 570px\" \/><h2 class=\"woocommerce-loop-product__title\">Table de s\u00e9jour Ovale<\/h2>\n\t<span class=\"price\"><del aria-hidden=\"true\"><span class=\"woocommerce-Price-amount amount\"><bdi><span class=\"woocommerce-Price-currencySymbol\">\u062f.\u0645.<\/span>\u00a0800,00<\/bdi><\/span><\/del> <span class=\"screen-reader-text\">Le prix initial \u00e9tait\u00a0: \u062f.\u0645.\u00a0800,00.<\/span><ins aria-hidden=\"true\"><span class=\"woocommerce-Price-amount amount\"><bdi><span class=\"woocommerce-Price-currencySymbol\">\u062f.\u0645.<\/span>\u00a0750,00<\/bdi><\/span><\/ins><span class=\"screen-reader-text\">Le prix actuel est\u00a0: \u062f.\u0645.\u00a0750,00.<\/span><\/span>\n<\/a><a href=\"\/index.php?rest_route=%2Fwp%2Fv2%2Fpages%2F7211&add-to-cart=12828\" aria-describedby=\"woocommerce_loop_add_to_cart_link_describedby_12828\" data-quantity=\"1\" class=\"button product_type_simple add_to_cart_button ajax_add_to_cart\" data-product_id=\"12828\" data-product_sku=\"TS-OVA-01\" aria-label=\"Ajouter au panier\u00a0: \u201cTable de s\u00e9jour Ovale\u201d\" rel=\"nofollow\" data-success_message=\"\u00ab\u00a0Table de s\u00e9jour Ovale\u00a0\u00bb a \u00e9t\u00e9 ajout\u00e9 \u00e0 votre panier\" role=\"button\">Ajouter au panier<\/a>\t<span id=\"woocommerce_loop_add_to_cart_link_describedby_12828\" class=\"screen-reader-text\">\n\t\t\t<\/span>\n<\/li>\n<li class=\"product type-product post-12824 status-publish instock product_cat-salle-de-sejour product_cat-table-base has-post-thumbnail sale shipping-taxable purchasable product-type-simple\">\n\t<a href=\"https:\/\/darstore.net\/?product=table-de-sejour-avocat\" class=\"woocommerce-LoopProduct-link woocommerce-loop-product__link\">\n\t<span class=\"onsale\">Promo\u00a0!<\/span>\n\t<img decoding=\"async\" width=\"570\" height=\"684\" src=\"https:\/\/darstore.net\/wp-content\/uploads\/2026\/03\/123-570x684.jpg\" class=\"attachment-woocommerce_thumbnail size-woocommerce_thumbnail\" alt=\"Table de s\u00e9jour Avocat\" srcset=\"https:\/\/darstore.net\/wp-content\/uploads\/2026\/03\/123-570x684.jpg 570w, https:\/\/darstore.net\/wp-content\/uploads\/2026\/03\/123-250x300.jpg 250w, https:\/\/darstore.net\/wp-content\/uploads\/2026\/03\/123-853x1024.jpg 853w, https:\/\/darstore.net\/wp-content\/uploads\/2026\/03\/123-768x922.jpg 768w, https:\/\/darstore.net\/wp-content\/uploads\/2026\/03\/123-600x720.jpg 600w, https:\/\/darstore.net\/wp-content\/uploads\/2026\/03\/123-130x156.jpg 130w, https:\/\/darstore.net\/wp-content\/uploads\/2026\/03\/123.jpg 1000w\" sizes=\"(max-width: 570px) 100vw, 570px\" \/><h2 class=\"woocommerce-loop-product__title\">Table de s\u00e9jour Avocat<\/h2>\n\t<span class=\"price\"><del aria-hidden=\"true\"><span class=\"woocommerce-Price-amount amount\"><bdi><span class=\"woocommerce-Price-currencySymbol\">\u062f.\u0645.<\/span>\u00a0700,00<\/bdi><\/span><\/del> <span class=\"screen-reader-text\">Le prix initial \u00e9tait\u00a0: \u062f.\u0645.\u00a0700,00.<\/span><ins aria-hidden=\"true\"><span class=\"woocommerce-Price-amount amount\"><bdi><span class=\"woocommerce-Price-currencySymbol\">\u062f.\u0645.<\/span>\u00a0650,00<\/bdi><\/span><\/ins><span class=\"screen-reader-text\">Le prix actuel est\u00a0: \u062f.\u0645.\u00a0650,00.<\/span><\/span>\n<\/a><a href=\"\/index.php?rest_route=%2Fwp%2Fv2%2Fpages%2F7211&add-to-cart=12824\" aria-describedby=\"woocommerce_loop_add_to_cart_link_describedby_12824\" data-quantity=\"1\" class=\"button product_type_simple add_to_cart_button ajax_add_to_cart\" data-product_id=\"12824\" data-product_sku=\"TS-AVO-01\" aria-label=\"Ajouter au panier\u00a0: \u201cTable de s\u00e9jour Avocat\u201d\" rel=\"nofollow\" data-success_message=\"\u00ab\u00a0Table de s\u00e9jour Avocat\u00a0\u00bb a \u00e9t\u00e9 ajout\u00e9 \u00e0 votre panier\" role=\"button\">Ajouter au panier<\/a>\t<span id=\"woocommerce_loop_add_to_cart_link_describedby_12824\" class=\"screen-reader-text\">\n\t\t\t<\/span>\n<\/li>\n<li class=\"product type-product post-12766 status-publish last instock product_cat-meuble-tv product_cat-salle-de-sejour has-post-thumbnail sale shipping-taxable purchasable product-type-simple\">\n\t<a href=\"https:\/\/darstore.net\/?product=meuble-tv-simple-deux-portes\" class=\"woocommerce-LoopProduct-link woocommerce-loop-product__link\">\n\t<span class=\"onsale\">Promo\u00a0!<\/span>\n\t<img loading=\"lazy\" decoding=\"async\" width=\"570\" height=\"684\" src=\"https:\/\/darstore.net\/wp-content\/uploads\/2025\/12\/084-570x684.jpg\" class=\"attachment-woocommerce_thumbnail size-woocommerce_thumbnail\" alt=\"Meuble TV simple-deux portes\" srcset=\"https:\/\/darstore.net\/wp-content\/uploads\/2025\/12\/084-570x684.jpg 570w, https:\/\/darstore.net\/wp-content\/uploads\/2025\/12\/084-250x300.jpg 250w, https:\/\/darstore.net\/wp-content\/uploads\/2025\/12\/084-853x1024.jpg 853w, https:\/\/darstore.net\/wp-content\/uploads\/2025\/12\/084-768x922.jpg 768w, https:\/\/darstore.net\/wp-content\/uploads\/2025\/12\/084-600x720.jpg 600w, https:\/\/darstore.net\/wp-content\/uploads\/2025\/12\/084-130x156.jpg 130w, https:\/\/darstore.net\/wp-content\/uploads\/2025\/12\/084.jpg 1000w\" sizes=\"(max-width: 570px) 100vw, 570px\" \/><h2 class=\"woocommerce-loop-product__title\">Meuble TV simple-deux portes<\/h2>\n\t<span class=\"price\"><del aria-hidden=\"true\"><span class=\"woocommerce-Price-amount amount\"><bdi><span class=\"woocommerce-Price-currencySymbol\">\u062f.\u0645.<\/span>\u00a0800,00<\/bdi><\/span><\/del> <span class=\"screen-reader-text\">Le prix initial \u00e9tait\u00a0: \u062f.\u0645.\u00a0800,00.<\/span><ins aria-hidden=\"true\"><span class=\"woocommerce-Price-amount amount\"><bdi><span class=\"woocommerce-Price-currencySymbol\">\u062f.\u0645.<\/span>\u00a0700,00<\/bdi><\/span><\/ins><span class=\"screen-reader-text\">Le prix actuel est\u00a0: \u062f.\u0645.\u00a0700,00.<\/span><\/span>\n<\/a><a href=\"\/index.php?rest_route=%2Fwp%2Fv2%2Fpages%2F7211&add-to-cart=12766\" aria-describedby=\"woocommerce_loop_add_to_cart_link_describedby_12766\" data-quantity=\"1\" class=\"button product_type_simple add_to_cart_button ajax_add_to_cart\" data-product_id=\"12766\" data-product_sku=\"MTV-2P-ETG-001\" aria-label=\"Ajouter au panier\u00a0: \u201cMeuble TV simple-deux portes\u201d\" rel=\"nofollow\" data-success_message=\"\u00ab\u00a0Meuble TV simple-deux portes\u00a0\u00bb a \u00e9t\u00e9 ajout\u00e9 \u00e0 votre panier\" role=\"button\">Ajouter au panier<\/a>\t<span id=\"woocommerce_loop_add_to_cart_link_describedby_12766\" class=\"screen-reader-text\">\n\t\t\t<\/span>\n<\/li>\n<li class=\"product type-product post-12577 status-publish first outofstock product_cat-salle-a-manger-arm-chairs product_cat-salle-de-sejour has-post-thumbnail sale shipping-taxable purchasable product-type-simple\">\n\t<a href=\"https:\/\/darstore.net\/?product=table-a-manger-rectangulaire-avec-4-chaises-jaune\" class=\"woocommerce-LoopProduct-link woocommerce-loop-product__link\">\n\t<span class=\"onsale\">Promo\u00a0!<\/span>\n\t<img loading=\"lazy\" decoding=\"async\" width=\"570\" height=\"684\" src=\"https:\/\/darstore.net\/wp-content\/uploads\/2025\/01\/081-570x684.jpg\" class=\"attachment-woocommerce_thumbnail size-woocommerce_thumbnail\" alt=\"Table \u00e0 Manger rectangulaire avec 6 chaises - Jaune\" srcset=\"https:\/\/darstore.net\/wp-content\/uploads\/2025\/01\/081-570x684.jpg 570w, https:\/\/darstore.net\/wp-content\/uploads\/2025\/01\/081-250x300.jpg 250w, https:\/\/darstore.net\/wp-content\/uploads\/2025\/01\/081-853x1024.jpg 853w, https:\/\/darstore.net\/wp-content\/uploads\/2025\/01\/081-768x922.jpg 768w, https:\/\/darstore.net\/wp-content\/uploads\/2025\/01\/081-600x720.jpg 600w, https:\/\/darstore.net\/wp-content\/uploads\/2025\/01\/081-130x156.jpg 130w, https:\/\/darstore.net\/wp-content\/uploads\/2025\/01\/081.jpg 1000w\" sizes=\"(max-width: 570px) 100vw, 570px\" \/><h2 class=\"woocommerce-loop-product__title\">Table \u00e0 Manger rectangulaire avec 6 chaises \u2013 Jaune<\/h2>\n\t<span class=\"price\"><del aria-hidden=\"true\"><span class=\"woocommerce-Price-amount amount\"><bdi><span class=\"woocommerce-Price-currencySymbol\">\u062f.\u0645.<\/span>\u00a03.200,00<\/bdi><\/span><\/del> <span class=\"screen-reader-text\">Le prix initial \u00e9tait\u00a0: \u062f.\u0645.\u00a03.200,00.<\/span><ins aria-hidden=\"true\"><span class=\"woocommerce-Price-amount amount\"><bdi><span class=\"woocommerce-Price-currencySymbol\">\u062f.\u0645.<\/span>\u00a03.100,00<\/bdi><\/span><\/ins><span class=\"screen-reader-text\">Le prix actuel est\u00a0: \u062f.\u0645.\u00a03.100,00.<\/span><\/span>\n<\/a><a href=\"https:\/\/darstore.net\/?product=table-a-manger-rectangulaire-avec-4-chaises-jaune\" aria-describedby=\"woocommerce_loop_add_to_cart_link_describedby_12577\" data-quantity=\"1\" class=\"button product_type_simple\" data-product_id=\"12577\" data-product_sku=\"SDM-MDF-4REC\" aria-label=\"En savoir plus sur \u201cTable \u00e0 Manger rectangulaire avec 6 chaises - Jaune\u201d\" rel=\"nofollow\" data-success_message=\"\">Lire la suite<\/a>\t<span id=\"woocommerce_loop_add_to_cart_link_describedby_12577\" class=\"screen-reader-text\">\n\t\t\t<\/span>\n<\/li>\n<li class=\"product type-product post-12573 status-publish instock product_cat-salle-a-manger-arm-chairs product_cat-salle-de-sejour has-post-thumbnail sale shipping-taxable purchasable product-type-simple\">\n\t<a href=\"https:\/\/darstore.net\/?product=table-a-manger-circulaire-avec-4-chaises-beige\" class=\"woocommerce-LoopProduct-link woocommerce-loop-product__link\">\n\t<span class=\"onsale\">Promo\u00a0!<\/span>\n\t<img loading=\"lazy\" decoding=\"async\" width=\"570\" height=\"684\" src=\"https:\/\/darstore.net\/wp-content\/uploads\/2025\/01\/129-570x684.jpg\" class=\"attachment-woocommerce_thumbnail size-woocommerce_thumbnail\" alt=\"Table \u00e0 Manger circulaire avec 4 chaises\" srcset=\"https:\/\/darstore.net\/wp-content\/uploads\/2025\/01\/129-570x684.jpg 570w, https:\/\/darstore.net\/wp-content\/uploads\/2025\/01\/129-250x300.jpg 250w, https:\/\/darstore.net\/wp-content\/uploads\/2025\/01\/129-853x1024.jpg 853w, https:\/\/darstore.net\/wp-content\/uploads\/2025\/01\/129-768x922.jpg 768w, https:\/\/darstore.net\/wp-content\/uploads\/2025\/01\/129-600x720.jpg 600w, https:\/\/darstore.net\/wp-content\/uploads\/2025\/01\/129-130x156.jpg 130w, https:\/\/darstore.net\/wp-content\/uploads\/2025\/01\/129.jpg 1000w\" sizes=\"(max-width: 570px) 100vw, 570px\" \/><h2 class=\"woocommerce-loop-product__title\">Table \u00e0 Manger circulaire avec 4 chaises<\/h2>\n\t<span class=\"price\"><del aria-hidden=\"true\"><span class=\"woocommerce-Price-amount amount\"><bdi><span class=\"woocommerce-Price-currencySymbol\">\u062f.\u0645.<\/span>\u00a02.200,00<\/bdi><\/span><\/del> <span class=\"screen-reader-text\">Le prix initial \u00e9tait\u00a0: \u062f.\u0645.\u00a02.200,00.<\/span><ins aria-hidden=\"true\"><span class=\"woocommerce-Price-amount amount\"><bdi><span class=\"woocommerce-Price-currencySymbol\">\u062f.\u0645.<\/span>\u00a02.000,00<\/bdi><\/span><\/ins><span class=\"screen-reader-text\">Le prix actuel est\u00a0: \u062f.\u0645.\u00a02.000,00.<\/span><\/span>\n<\/a><a href=\"\/index.php?rest_route=%2Fwp%2Fv2%2Fpages%2F7211&add-to-cart=12573\" aria-describedby=\"woocommerce_loop_add_to_cart_link_describedby_12573\" data-quantity=\"1\" class=\"button product_type_simple add_to_cart_button ajax_add_to_cart\" data-product_id=\"12573\" data-product_sku=\"SDM-MDF-4CIR\" aria-label=\"Ajouter au panier\u00a0: \u201cTable \u00e0 Manger circulaire avec 4 chaises\u201d\" rel=\"nofollow\" data-success_message=\"\u00ab\u00a0Table \u00e0 Manger circulaire avec 4 chaises\u00a0\u00bb a \u00e9t\u00e9 ajout\u00e9 \u00e0 votre panier\" role=\"button\">Ajouter au panier<\/a>\t<span id=\"woocommerce_loop_add_to_cart_link_describedby_12573\" class=\"screen-reader-text\">\n\t\t\t<\/span>\n<\/li>\n<li class=\"product type-product post-12564 status-publish instock product_cat-mirroire product_cat-salle-de-sejour has-post-thumbnail sale shipping-taxable purchasable product-type-simple\">\n\t<a href=\"https:\/\/darstore.net\/?product=mirroire-mobile-sonoma-blanc\" class=\"woocommerce-LoopProduct-link woocommerce-loop-product__link\">\n\t<span class=\"onsale\">Promo\u00a0!<\/span>\n\t<img loading=\"lazy\" decoding=\"async\" width=\"570\" height=\"684\" src=\"https:\/\/darstore.net\/wp-content\/uploads\/2025\/01\/076-570x684.jpg\" class=\"attachment-woocommerce_thumbnail size-woocommerce_thumbnail\" alt=\"Miroir pratique pour s\u00e9jour\" srcset=\"https:\/\/darstore.net\/wp-content\/uploads\/2025\/01\/076-570x684.jpg 570w, https:\/\/darstore.net\/wp-content\/uploads\/2025\/01\/076-250x300.jpg 250w, https:\/\/darstore.net\/wp-content\/uploads\/2025\/01\/076-853x1024.jpg 853w, https:\/\/darstore.net\/wp-content\/uploads\/2025\/01\/076-768x922.jpg 768w, https:\/\/darstore.net\/wp-content\/uploads\/2025\/01\/076-600x720.jpg 600w, https:\/\/darstore.net\/wp-content\/uploads\/2025\/01\/076-130x156.jpg 130w, https:\/\/darstore.net\/wp-content\/uploads\/2025\/01\/076.jpg 1000w\" sizes=\"(max-width: 570px) 100vw, 570px\" \/><h2 class=\"woocommerce-loop-product__title\">Miroir pratique pour s\u00e9jour<\/h2>\n\t<span class=\"price\"><del aria-hidden=\"true\"><span class=\"woocommerce-Price-amount amount\"><bdi><span class=\"woocommerce-Price-currencySymbol\">\u062f.\u0645.<\/span>\u00a0650,00<\/bdi><\/span><\/del> <span class=\"screen-reader-text\">Le prix initial \u00e9tait\u00a0: \u062f.\u0645.\u00a0650,00.<\/span><ins aria-hidden=\"true\"><span class=\"woocommerce-Price-amount amount\"><bdi><span class=\"woocommerce-Price-currencySymbol\">\u062f.\u0645.<\/span>\u00a0500,00<\/bdi><\/span><\/ins><span class=\"screen-reader-text\">Le prix actuel est\u00a0: \u062f.\u0645.\u00a0500,00.<\/span><\/span>\n<\/a><a href=\"\/index.php?rest_route=%2Fwp%2Fv2%2Fpages%2F7211&add-to-cart=12564\" aria-describedby=\"woocommerce_loop_add_to_cart_link_describedby_12564\" data-quantity=\"1\" class=\"button product_type_simple add_to_cart_button ajax_add_to_cart\" data-product_id=\"12564\" data-product_sku=\"MIR-MDF-ROT-001\" aria-label=\"Ajouter au panier\u00a0: \u201cMiroir pratique pour s\u00e9jour\u201d\" rel=\"nofollow\" data-success_message=\"\u00ab\u00a0Miroir pratique pour s\u00e9jour\u00a0\u00bb a \u00e9t\u00e9 ajout\u00e9 \u00e0 votre panier\" role=\"button\">Ajouter au panier<\/a>\t<span id=\"woocommerce_loop_add_to_cart_link_describedby_12564\" class=\"screen-reader-text\">\n\t\t\t<\/span>\n<\/li>\n<li class=\"product type-product post-12289 status-publish last instock product_cat-mirroire product_cat-salle-de-sejour has-post-thumbnail sale shipping-taxable purchasable product-type-simple\">\n\t<a href=\"https:\/\/darstore.net\/?product=mirroire-avec-etageres\" class=\"woocommerce-LoopProduct-link woocommerce-loop-product__link\">\n\t<span class=\"onsale\">Promo\u00a0!<\/span>\n\t<img loading=\"lazy\" decoding=\"async\" width=\"570\" height=\"684\" src=\"https:\/\/darstore.net\/wp-content\/uploads\/2024\/12\/078-570x684.jpg\" class=\"attachment-woocommerce_thumbnail size-woocommerce_thumbnail\" alt=\"Miroir s\u00e9jour avec rangement\" srcset=\"https:\/\/darstore.net\/wp-content\/uploads\/2024\/12\/078-570x684.jpg 570w, https:\/\/darstore.net\/wp-content\/uploads\/2024\/12\/078-250x300.jpg 250w, https:\/\/darstore.net\/wp-content\/uploads\/2024\/12\/078-853x1024.jpg 853w, https:\/\/darstore.net\/wp-content\/uploads\/2024\/12\/078-768x922.jpg 768w, https:\/\/darstore.net\/wp-content\/uploads\/2024\/12\/078-600x720.jpg 600w, https:\/\/darstore.net\/wp-content\/uploads\/2024\/12\/078-130x156.jpg 130w, https:\/\/darstore.net\/wp-content\/uploads\/2024\/12\/078.jpg 1000w\" sizes=\"(max-width: 570px) 100vw, 570px\" \/><h2 class=\"woocommerce-loop-product__title\">Miroir s\u00e9jour avec rangement<\/h2>\n\t<span class=\"price\"><del aria-hidden=\"true\"><span class=\"woocommerce-Price-amount amount\"><bdi><span class=\"woocommerce-Price-currencySymbol\">\u062f.\u0645.<\/span>\u00a0950,00<\/bdi><\/span><\/del> <span class=\"screen-reader-text\">Le prix initial \u00e9tait\u00a0: \u062f.\u0645.\u00a0950,00.<\/span><ins aria-hidden=\"true\"><span class=\"woocommerce-Price-amount amount\"><bdi><span class=\"woocommerce-Price-currencySymbol\">\u062f.\u0645.<\/span>\u00a0800,00<\/bdi><\/span><\/ins><span class=\"screen-reader-text\">Le prix actuel est\u00a0: \u062f.\u0645.\u00a0800,00.<\/span><\/span>\n<\/a><a href=\"\/index.php?rest_route=%2Fwp%2Fv2%2Fpages%2F7211&add-to-cart=12289\" aria-describedby=\"woocommerce_loop_add_to_cart_link_describedby_12289\" data-quantity=\"1\" class=\"button product_type_simple add_to_cart_button ajax_add_to_cart\" data-product_id=\"12289\" data-product_sku=\"MIR-SEJ-001\" aria-label=\"Ajouter au panier\u00a0: \u201cMiroir s\u00e9jour avec rangement\u201d\" rel=\"nofollow\" data-success_message=\"\u00ab\u00a0Miroir s\u00e9jour avec rangement\u00a0\u00bb a \u00e9t\u00e9 ajout\u00e9 \u00e0 votre panier\" role=\"button\">Ajouter au panier<\/a>\t<span id=\"woocommerce_loop_add_to_cart_link_describedby_12289\" class=\"screen-reader-text\">\n\t\t\t<\/span>\n<\/li>\n<\/ul>\n <div class=\"razzi-tabs-button\"><a class=\"razzi-button--underlined\" href=\"https:\/\/darstore.net\/?product_cat=salle-de-sejour\">Filtre<\/a><\/div>  <\/div> <div class=\"tabs-panel tabs-chambre-a-coucher\" data-settings=\"{&quot;columns&quot;:4,&quot;products&quot;:&quot;recent&quot;,&quot;order&quot;:&quot;&quot;,&quot;orderby&quot;:&quot;&quot;,&quot;per_page&quot;:8,&quot;category&quot;:&quot;chambre-a-coucher&quot;,&quot;paginate&quot;:true}\"><div class=\"razzi-tabs-button\"><a class=\"razzi-button--underlined\" href=\"https:\/\/darstore.net\/?product_cat=chambre-a-coucher\">Filtre<\/a><\/div><\/div> <div class=\"tabs-panel tabs-zone-de-travail\" data-settings=\"{&quot;columns&quot;:4,&quot;products&quot;:&quot;recent&quot;,&quot;order&quot;:&quot;&quot;,&quot;orderby&quot;:&quot;&quot;,&quot;per_page&quot;:8,&quot;category&quot;:&quot;zone-de-travail&quot;,&quot;paginate&quot;:true}\"><div class=\"razzi-tabs-button\"><a class=\"razzi-button--underlined\" href=\"https:\/\/darstore.net\/?product_cat=zone-de-travail\">Filtre<\/a><\/div><\/div> <div class=\"tabs-panel tabs-cuisine\" data-settings=\"{&quot;columns&quot;:4,&quot;products&quot;:&quot;recent&quot;,&quot;order&quot;:&quot;&quot;,&quot;orderby&quot;:&quot;&quot;,&quot;per_page&quot;:8,&quot;category&quot;:&quot;cuisine&quot;,&quot;paginate&quot;:true}\"><div class=\"razzi-tabs-button\"><a class=\"razzi-button--underlined\" href=\"https:\/\/darstore.net\/?product_cat=cuisine\">Filtre<\/a><\/div><\/div><\/div>\t\t<\/div>\r\n\t\t\t\t\t\t<\/div>\n\t\t\t\t<\/div>\n\t\t\t\t\t<\/div>\n\t\t\t\t<\/div>\n\t\t\t\t<\/div>\n\t\t","protected":false},"excerpt":{"rendered":"<p>Salle de s\u00e9jour chambre \u00e0 coucher Zone de travail Cuisine Add to wishlist Quick View Sale! Meuble Tv multi-Couleurs \u062f.\u0645.\u00a01.700,00 Original price was: \u062f.\u0645.\u00a01.700,00.\u062f.\u0645.\u00a01.600,00Current price is: \u062f.\u0645.\u00a01.600,00. Add to wishlist Quick View Sale! Mirroire avec \u00e9tageres \u062f.\u0645.\u00a0950,00 Original price was: \u062f.\u0645.\u00a0950,00.\u062f.\u0645.\u00a0800,00Current price is: \u062f.\u0645.\u00a0800,00. Add to wishlist Quick View Sale! Table Base rectangulaire \u062f.\u0645.\u00a0700,00 Original [&hellip;]<\/p>\n","protected":false},"author":1,"featured_media":0,"parent":0,"menu_order":0,"comment_status":"closed","ping_status":"closed","template":"","meta":{"footnotes":""},"class_list":["post-7211","page","type-page","status-publish","hentry"],"jetpack_sharing_enabled":true,"_links":{"self":[{"href":"https:\/\/darstore.net\/index.php?rest_route=\/wp\/v2\/pages\/7211","targetHints":{"allow":["GET"]}}],"collection":[{"href":"https:\/\/darstore.net\/index.php?rest_route=\/wp\/v2\/pages"}],"about":[{"href":"https:\/\/darstore.net\/index.php?rest_route=\/wp\/v2\/types\/page"}],"author":[{"embeddable":true,"href":"https:\/\/darstore.net\/index.php?rest_route=\/wp\/v2\/users\/1"}],"replies":[{"embeddable":true,"href":"https:\/\/darstore.net\/index.php?rest_route=%2Fwp%2Fv2%2Fcomments&post=7211"}],"version-history":[{"count":81,"href":"https:\/\/darstore.net\/index.php?rest_route=\/wp\/v2\/pages\/7211\/revisions"}],"predecessor-version":[{"id":12534,"href":"https:\/\/darstore.net\/index.php?rest_route=\/wp\/v2\/pages\/7211\/revisions\/12534"}],"wp:attachment":[{"href":"https:\/\/darstore.net\/index.php?rest_route=%2Fwp%2Fv2%2Fmedia&parent=7211"}],"curies":[{"name":"wp","href":"https:\/\/api.w.org\/{rel}","templated":true}]}}