{"id":633,"date":"2020-10-13T09:00:26","date_gmt":"2020-10-13T09:00:26","guid":{"rendered":"http:\/\/localhost\/razzi\/?page_id=633"},"modified":"2025-01-08T12:55:01","modified_gmt":"2025-01-08T11:55:01","slug":"about-us","status":"publish","type":"page","link":"https:\/\/darstore.net\/?page_id=633","title":{"rendered":"About Us"},"content":{"rendered":"\t\t<div data-elementor-type=\"wp-page\" data-elementor-id=\"633\" class=\"elementor elementor-633\">\n\t\t\t\t\t\t<section class=\"elementor-section elementor-top-section elementor-element elementor-element-a9435d9 elementor-section-boxed elementor-section-height-default elementor-section-height-default\" data-id=\"a9435d9\" data-element_type=\"section\" data-e-type=\"section\">\n\t\t\t\t\t\t<div class=\"elementor-container elementor-column-gap-extended\">\n\t\t\t\t\t<div class=\"elementor-column elementor-col-50 elementor-top-column elementor-element elementor-element-2ca6e37\" data-id=\"2ca6e37\" data-element_type=\"column\" data-e-type=\"column\">\n\t\t\t<div class=\"elementor-widget-wrap elementor-element-populated\">\n\t\t\t\t\t\t<div class=\"elementor-element elementor-element-19a047b elementor-widget elementor-widget-image\" data-id=\"19a047b\" data-element_type=\"widget\" data-e-type=\"widget\" data-widget_type=\"image.default\">\n\t\t\t\t<div class=\"elementor-widget-container\">\n\t\t\t\t\t\t\t\t\t\t\t\t\t\t\t<img fetchpriority=\"high\" decoding=\"async\" width=\"570\" height=\"500\" src=\"https:\/\/darstore.net\/wp-content\/uploads\/2024\/12\/001.jpg\" class=\"attachment-large size-large wp-image-12329\" alt=\"\" srcset=\"https:\/\/darstore.net\/wp-content\/uploads\/2024\/12\/001.jpg 570w, https:\/\/darstore.net\/wp-content\/uploads\/2024\/12\/001-300x263.jpg 300w\" sizes=\"(max-width: 570px) 100vw, 570px\" \/>\t\t\t\t\t\t\t\t\t\t\t\t\t\t\t<\/div>\n\t\t\t\t<\/div>\n\t\t\t\t\t<\/div>\n\t\t<\/div>\n\t\t\t\t<div class=\"elementor-column elementor-col-50 elementor-top-column elementor-element elementor-element-0f3eef1\" data-id=\"0f3eef1\" data-element_type=\"column\" data-e-type=\"column\">\n\t\t\t<div class=\"elementor-widget-wrap elementor-element-populated\">\n\t\t\t\t\t\t<div class=\"elementor-element elementor-element-57f1c50 elementor-widget elementor-widget-heading\" data-id=\"57f1c50\" data-element_type=\"widget\" data-e-type=\"widget\" data-widget_type=\"heading.default\">\n\t\t\t\t<div class=\"elementor-widget-container\">\n\t\t\t\t\t<h6 class=\"elementor-heading-title elementor-size-default\">DARSTORE<\/h6>\t\t\t\t<\/div>\n\t\t\t\t<\/div>\n\t\t\t\t<div class=\"elementor-element elementor-element-b2daf09 elementor-widget elementor-widget-heading\" data-id=\"b2daf09\" data-element_type=\"widget\" data-e-type=\"widget\" data-widget_type=\"heading.default\">\n\t\t\t\t<div class=\"elementor-widget-container\">\n\t\t\t\t\t<h3 class=\"elementor-heading-title elementor-size-default\">\u00c0 Propos de Nous<\/h3>\t\t\t\t<\/div>\n\t\t\t\t<\/div>\n\t\t\t\t<div class=\"elementor-element elementor-element-20f4454 elementor-widget elementor-widget-text-editor\" data-id=\"20f4454\" data-element_type=\"widget\" data-e-type=\"widget\" data-widget_type=\"text-editor.default\">\n\t\t\t\t<div class=\"elementor-widget-container\">\n\t\t\t\t\t\t\t\t\t<p>Dar Store est une entreprise marocaine fond\u00e9e en 2019 \u00e0 Sal\u00e9. Elle s\u2019int\u00e9resse \u00e0 la fabrication et \u00e0 la fourniture de meubles de maison de haute qualit\u00e9 sous diverses formes.<\/p>\t\t\t\t\t\t\t\t<\/div>\n\t\t\t\t<\/div>\n\t\t\t\t<div class=\"elementor-element elementor-element-31617f0 elementor-widget elementor-widget-text-editor\" data-id=\"31617f0\" data-element_type=\"widget\" data-e-type=\"widget\" data-widget_type=\"text-editor.default\">\n\t\t\t\t<div class=\"elementor-widget-container\">\n\t\t\t\t\t\t\t\t\t<p>Chez Dar Store, vous trouverez de la haute qualit\u00e9, des bonnes services et des prix raisonnables.<\/p>\t\t\t\t\t\t\t\t<\/div>\n\t\t\t\t<\/div>\n\t\t\t\t\t<\/div>\n\t\t<\/div>\n\t\t\t\t\t<\/div>\n\t\t<\/section>\n\t\t\t\t<section class=\"elementor-section elementor-top-section elementor-element elementor-element-6148470 elementor-section-boxed elementor-section-height-default elementor-section-height-default\" data-id=\"6148470\" data-element_type=\"section\" data-e-type=\"section\" data-settings=\"{&quot;background_background&quot;:&quot;classic&quot;}\">\n\t\t\t\t\t\t<div class=\"elementor-container elementor-column-gap-no\">\n\t\t\t\t\t<div class=\"elementor-column elementor-col-100 elementor-top-column elementor-element elementor-element-9eac81c\" data-id=\"9eac81c\" data-element_type=\"column\" data-e-type=\"column\">\n\t\t\t<div class=\"elementor-widget-wrap elementor-element-populated\">\n\t\t\t\t\t\t<div class=\"elementor-element elementor-element-82d086f elementor-widget elementor-widget-heading\" data-id=\"82d086f\" data-element_type=\"widget\" data-e-type=\"widget\" data-widget_type=\"heading.default\">\n\t\t\t\t<div class=\"elementor-widget-container\">\n\t\t\t\t\t<h3 class=\"elementor-heading-title elementor-size-default\">DAR STORE<\/h3>\t\t\t\t<\/div>\n\t\t\t\t<\/div>\n\t\t\t\t<section class=\"elementor-section elementor-inner-section elementor-element elementor-element-a60adb7 elementor-section-boxed elementor-section-height-default elementor-section-height-default\" data-id=\"a60adb7\" data-element_type=\"section\" data-e-type=\"section\">\n\t\t\t\t\t\t<div class=\"elementor-container elementor-column-gap-extended\">\n\t\t\t\t\t<div class=\"elementor-column elementor-col-25 elementor-inner-column elementor-element elementor-element-6bf8181\" data-id=\"6bf8181\" data-element_type=\"column\" data-e-type=\"column\">\n\t\t\t<div class=\"elementor-widget-wrap\">\n\t\t\t\t\t\t\t<\/div>\n\t\t<\/div>\n\t\t\t\t<div class=\"elementor-column elementor-col-25 elementor-inner-column elementor-element elementor-element-e89a4b9\" data-id=\"e89a4b9\" data-element_type=\"column\" data-e-type=\"column\">\n\t\t\t<div class=\"elementor-widget-wrap elementor-element-populated\">\n\t\t\t\t\t\t<div class=\"elementor-element elementor-element-68278cf elementor-widget elementor-widget-text-editor\" data-id=\"68278cf\" data-element_type=\"widget\" data-e-type=\"widget\" data-widget_type=\"text-editor.default\">\n\t\t\t\t<div class=\"elementor-widget-container\">\n\t\t\t\t\t\t\t\t\t<p>Bienvenue chez Dar Store, o\u00f9 le confort rencontre l\u2019\u00e9l\u00e9gance dans chaque pi\u00e8ce de votre maison. Nous sommes fiers de vous pr\u00e9senter une gamme exquise de meubles con\u00e7us pour rehausser votre espace de vie avec style et fonctionnalit\u00e9.<\/p>\t\t\t\t\t\t\t\t<\/div>\n\t\t\t\t<\/div>\n\t\t\t\t<div class=\"elementor-element elementor-element-2d57a37 elementor-widget elementor-widget-text-editor\" data-id=\"2d57a37\" data-element_type=\"widget\" data-e-type=\"widget\" data-widget_type=\"text-editor.default\">\n\t\t\t\t<div class=\"elementor-widget-container\">\n\t\t\t\t\t\t\t\t\t<p>Chez Dar Store, nous comprenons que votre maison est votre sanctuaire, un endroit o\u00f9 votre style personnel se refl\u00e8te dans chaque d\u00e9tail. C\u2019est pourquoi nous nous effor\u00e7ons de cr\u00e9er des meubles qui allient design moderne et artisanat de qualit\u00e9 sup\u00e9rieure.<\/p>\t\t\t\t\t\t\t\t<\/div>\n\t\t\t\t<\/div>\n\t\t\t\t\t<\/div>\n\t\t<\/div>\n\t\t\t\t<div class=\"elementor-column elementor-col-25 elementor-inner-column elementor-element elementor-element-f824cf6\" data-id=\"f824cf6\" data-element_type=\"column\" data-e-type=\"column\">\n\t\t\t<div class=\"elementor-widget-wrap elementor-element-populated\">\n\t\t\t\t\t\t<div class=\"elementor-element elementor-element-22c06f6 elementor-widget elementor-widget-text-editor\" data-id=\"22c06f6\" data-element_type=\"widget\" data-e-type=\"widget\" data-widget_type=\"text-editor.default\">\n\t\t\t\t<div class=\"elementor-widget-container\">\n\t\t\t\t\t\t\t\t\t<p>Chez Dar Store, nous croyons \u00e9galement en la durabilit\u00e9 et l\u2019\u00e9thique dans la fabrication de nos produits. C\u2019est pourquoi nous nous engageons \u00e0 utiliser des mat\u00e9riaux \u00e9cologiques et \u00e0 soutenir des pratiques de production responsables.<\/p>\t\t\t\t\t\t\t\t<\/div>\n\t\t\t\t<\/div>\n\t\t\t\t<div class=\"elementor-element elementor-element-3cfaae6 elementor-widget elementor-widget-text-editor\" data-id=\"3cfaae6\" data-element_type=\"widget\" data-e-type=\"widget\" data-widget_type=\"text-editor.default\">\n\t\t\t\t<div class=\"elementor-widget-container\">\n\t\t\t\t\t\t\t\t\t<p>Que vous recherchiez des meubles pour votre salon, votre chambre \u00e0 coucher, votre salle \u00e0 manger ou m\u00eame votre espace ext\u00e9rieur, Dar Store a tout ce dont vous avez besoin pour transformer votre maison en un havre de paix \u00e9l\u00e9gant et accueillant. D\u00e9couvrez notre collection d\u00e8s aujourd\u2019hui et laissez-nous vous aider \u00e0 cr\u00e9er l\u2019espace de vos r\u00eaves.<\/p>\t\t\t\t\t\t\t\t<\/div>\n\t\t\t\t<\/div>\n\t\t\t\t\t<\/div>\n\t\t<\/div>\n\t\t\t\t<div class=\"elementor-column elementor-col-25 elementor-inner-column elementor-element elementor-element-dd09803\" data-id=\"dd09803\" data-element_type=\"column\" data-e-type=\"column\">\n\t\t\t<div class=\"elementor-widget-wrap\">\n\t\t\t\t\t\t\t<\/div>\n\t\t<\/div>\n\t\t\t\t\t<\/div>\n\t\t<\/section>\n\t\t\t\t<div class=\"elementor-element elementor-element-9be423c elementor-align-center elementor-widget elementor-widget-razzi-button\" data-id=\"9be423c\" data-element_type=\"widget\" data-e-type=\"widget\" data-widget_type=\"razzi-button.default\">\n\t\t\t\t<div class=\"elementor-widget-container\">\n\t\t\t\t\t        <a href=\"https:\/\/darstore.net\/shop\/?customize_changeset_uuid=347a2469-59c6-47fe-8eb9-56daeebbe2d1&customize_autosaved=on\" target=\"_blank\" class=\"razzi-button-link razzi-button\">\n\t\t\t\t\t<span class=\"razzi-button-text\">Achetez maintenant<\/span>\t\t            <span class=\"razzi-svg-icon razzi-align-icon-right\">\n\t\t\t\t\t\t\t<\/span>\n\t\t\t\t        <\/a>\n\t\t\t\t\t\t<\/div>\n\t\t\t\t<\/div>\n\t\t\t\t\t<\/div>\n\t\t<\/div>\n\t\t\t\t\t<\/div>\n\t\t<\/section>\n\t\t\t\t<section class=\"elementor-section elementor-top-section elementor-element elementor-element-d546ecf elementor-section-boxed elementor-section-height-default elementor-section-height-default\" data-id=\"d546ecf\" data-element_type=\"section\" data-e-type=\"section\">\n\t\t\t\t\t\t<div class=\"elementor-container elementor-column-gap-extended\">\n\t\t\t\t\t<div class=\"elementor-column elementor-col-50 elementor-top-column elementor-element elementor-element-d2c4dae\" data-id=\"d2c4dae\" data-element_type=\"column\" data-e-type=\"column\">\n\t\t\t<div class=\"elementor-widget-wrap elementor-element-populated\">\n\t\t\t\t\t\t<div class=\"elementor-element elementor-element-44106c2 elementor-widget elementor-widget-heading\" data-id=\"44106c2\" data-element_type=\"widget\" data-e-type=\"widget\" data-widget_type=\"heading.default\">\n\t\t\t\t<div class=\"elementor-widget-container\">\n\t\t\t\t\t<h6 class=\"elementor-heading-title elementor-size-default\">Qui nous sommes<\/h6>\t\t\t\t<\/div>\n\t\t\t\t<\/div>\n\t\t\t\t<div class=\"elementor-element elementor-element-571e772 elementor-widget elementor-widget-heading\" data-id=\"571e772\" data-element_type=\"widget\" data-e-type=\"widget\" data-widget_type=\"heading.default\">\n\t\t\t\t<div class=\"elementor-widget-container\">\n\t\t\t\t\t<h3 class=\"elementor-heading-title elementor-size-default\">Notre Histoire<\/h3>\t\t\t\t<\/div>\n\t\t\t\t<\/div>\n\t\t\t\t<div class=\"elementor-element elementor-element-92f7a50 elementor-widget elementor-widget-text-editor\" data-id=\"92f7a50\" data-element_type=\"widget\" data-e-type=\"widget\" data-widget_type=\"text-editor.default\">\n\t\t\t\t<div class=\"elementor-widget-container\">\n\t\t\t\t\t\t\t\t\t<p>L\u2019histoire de Darstore est celle d\u2019une passion pour le design, le confort et l\u2019artisanat, combin\u00e9e \u00e0 une vision d\u2019offrir des meubles de qualit\u00e9 exceptionnelle aux foyers marocains. Fond\u00e9e en 2019 au Maroc, Darstore est n\u00e9e de la conviction que chaque maison m\u00e9rite d\u2019\u00eatre embellie avec des meubles qui incarnent l\u2019\u00e9l\u00e9gance et le raffinement.<\/p>\t\t\t\t\t\t\t\t<\/div>\n\t\t\t\t<\/div>\n\t\t\t\t<div class=\"elementor-element elementor-element-7b074ab elementor-widget elementor-widget-text-editor\" data-id=\"7b074ab\" data-element_type=\"widget\" data-e-type=\"widget\" data-widget_type=\"text-editor.default\">\n\t\t\t\t<div class=\"elementor-widget-container\">\n\t\t\t\t\t\t\t\t\t<p>Darstore continue de cro\u00eetre et d\u2019innover, tout en restant fid\u00e8le \u00e0 sa vision initiale d\u2019offrir des meubles exceptionnels qui transforment les maisons en espaces de vie \u00e9l\u00e9gants et accueillants. Avec un engagement continu envers la qualit\u00e9, la durabilit\u00e9 et l\u2019excellence du service, Darstore reste une destination de choix pour ceux qui recherchent le meilleur en mati\u00e8re de mobilier de maison au Maroc.<\/p>\t\t\t\t\t\t\t\t<\/div>\n\t\t\t\t<\/div>\n\t\t\t\t\t<\/div>\n\t\t<\/div>\n\t\t\t\t<div class=\"elementor-column elementor-col-50 elementor-top-column elementor-element elementor-element-42aaa27\" data-id=\"42aaa27\" data-element_type=\"column\" data-e-type=\"column\">\n\t\t\t<div class=\"elementor-widget-wrap elementor-element-populated\">\n\t\t\t\t\t\t<div class=\"elementor-element elementor-element-e7bc62e elementor-widget elementor-widget-image\" data-id=\"e7bc62e\" data-element_type=\"widget\" data-e-type=\"widget\" data-widget_type=\"image.default\">\n\t\t\t\t<div class=\"elementor-widget-container\">\n\t\t\t\t\t\t\t\t\t\t\t\t\t\t\t<img decoding=\"async\" width=\"570\" height=\"500\" src=\"https:\/\/darstore.net\/wp-content\/uploads\/2024\/12\/002-1.jpg\" class=\"attachment-large size-large wp-image-12331\" alt=\"\" srcset=\"https:\/\/darstore.net\/wp-content\/uploads\/2024\/12\/002-1.jpg 570w, https:\/\/darstore.net\/wp-content\/uploads\/2024\/12\/002-1-300x263.jpg 300w\" sizes=\"(max-width: 570px) 100vw, 570px\" \/>\t\t\t\t\t\t\t\t\t\t\t\t\t\t\t<\/div>\n\t\t\t\t<\/div>\n\t\t\t\t\t<\/div>\n\t\t<\/div>\n\t\t\t\t\t<\/div>\n\t\t<\/section>\n\t\t\t\t<section class=\"elementor-section elementor-top-section elementor-element elementor-element-8760a14 elementor-section-boxed elementor-section-height-default elementor-section-height-default\" data-id=\"8760a14\" data-element_type=\"section\" data-e-type=\"section\" data-settings=\"{&quot;background_background&quot;:&quot;classic&quot;}\">\n\t\t\t\t\t\t<div class=\"elementor-container elementor-column-gap-no\">\n\t\t\t\t\t<div class=\"elementor-column elementor-col-100 elementor-top-column elementor-element elementor-element-d470663\" data-id=\"d470663\" data-element_type=\"column\" data-e-type=\"column\" data-settings=\"{&quot;background_background&quot;:&quot;classic&quot;,&quot;background_motion_fx_motion_fx_scrolling&quot;:&quot;yes&quot;}\">\n\t\t\t<div class=\"elementor-widget-wrap elementor-element-populated\">\n\t\t\t\t\t\t<div class=\"elementor-element elementor-element-1915ec9 elementor-widget elementor-widget-text-editor\" data-id=\"1915ec9\" data-element_type=\"widget\" data-e-type=\"widget\" data-widget_type=\"text-editor.default\">\n\t\t\t\t<div class=\"elementor-widget-container\">\n\t\t\t\t\t\t\t\t\t<p>\u00ab\u00a0Darstore : L\u2019\u00e9l\u00e9gance artisanale, O\u00f9 le confort prend vie avec qualit\u00e9 et bienveillance\u00a0\u00bb<\/p>\t\t\t\t\t\t\t\t<\/div>\n\t\t\t\t<\/div>\n\t\t\t\t\t<\/div>\n\t\t<\/div>\n\t\t\t\t\t<\/div>\n\t\t<\/section>\n\t\t\t\t<\/div>\n\t\t","protected":false},"excerpt":{"rendered":"<p>DARSTORE \u00c0 Propos de Nous Dar Store est une entreprise marocaine fond\u00e9e en 2019 \u00e0 Sal\u00e9. Elle s\u2019int\u00e9resse \u00e0 la fabrication et \u00e0 la fourniture de meubles de maison de haute qualit\u00e9 sous diverses formes. Chez Dar Store, vous trouverez de la haute qualit\u00e9, des bonnes services et des prix raisonnables. DAR STORE Bienvenue chez [&hellip;]<\/p>\n","protected":false},"author":1,"featured_media":0,"parent":0,"menu_order":0,"comment_status":"closed","ping_status":"closed","template":"","meta":{"footnotes":""},"class_list":["post-633","page","type-page","status-publish","hentry"],"jetpack_sharing_enabled":true,"_links":{"self":[{"href":"https:\/\/darstore.net\/index.php?rest_route=\/wp\/v2\/pages\/633","targetHints":{"allow":["GET"]}}],"collection":[{"href":"https:\/\/darstore.net\/index.php?rest_route=\/wp\/v2\/pages"}],"about":[{"href":"https:\/\/darstore.net\/index.php?rest_route=\/wp\/v2\/types\/page"}],"author":[{"embeddable":true,"href":"https:\/\/darstore.net\/index.php?rest_route=\/wp\/v2\/users\/1"}],"replies":[{"embeddable":true,"href":"https:\/\/darstore.net\/index.php?rest_route=%2Fwp%2Fv2%2Fcomments&post=633"}],"version-history":[{"count":45,"href":"https:\/\/darstore.net\/index.php?rest_route=\/wp\/v2\/pages\/633\/revisions"}],"predecessor-version":[{"id":12460,"href":"https:\/\/darstore.net\/index.php?rest_route=\/wp\/v2\/pages\/633\/revisions\/12460"}],"wp:attachment":[{"href":"https:\/\/darstore.net\/index.php?rest_route=%2Fwp%2Fv2%2Fmedia&parent=633"}],"curies":[{"name":"wp","href":"https:\/\/api.w.org\/{rel}","templated":true}]}}